{"id":2918,"date":"2023-05-12T14:04:24","date_gmt":"2023-05-12T12:04:24","guid":{"rendered":"https:\/\/ares-formation.com\/?page_id=2918"},"modified":"2025-06-02T08:53:50","modified_gmt":"2025-06-02T06:53:50","slug":"mentions-legales","status":"publish","type":"page","link":"https:\/\/ares-formation.com\/index.php\/mentions-legales\/","title":{"rendered":"Mentions l\u00e9gales et r\u00e8glement int\u00e9rieur"},"content":{"rendered":"\t\t<div data-elementor-type=\"wp-page\" data-elementor-id=\"2918\" class=\"elementor elementor-2918\" data-elementor-post-type=\"page\">\n\t\t\t\t\t\t<section class=\"elementor-section elementor-top-section elementor-element elementor-element-1c42059 elementor-section-boxed elementor-section-height-default elementor-section-height-default\" data-id=\"1c42059\" data-element_type=\"section\" data-e-type=\"section\">\n\t\t\t\t\t\t<div class=\"elementor-container elementor-column-gap-default\">\n\t\t\t\t\t<div class=\"elementor-column elementor-col-100 elementor-top-column elementor-element elementor-element-8c6054f\" data-id=\"8c6054f\" data-element_type=\"column\" data-e-type=\"column\">\n\t\t\t<div class=\"elementor-widget-wrap elementor-element-populated\">\n\t\t\t\t\t\t<div class=\"elementor-element elementor-element-ce8331b elementor-icon-list--layout-traditional elementor-list-item-link-full_width elementor-widget elementor-widget-icon-list\" data-id=\"ce8331b\" data-element_type=\"widget\" data-e-type=\"widget\" data-widget_type=\"icon-list.default\">\n\t\t\t\t<div class=\"elementor-widget-container\">\n\t\t\t\t\t\t\t<ul class=\"elementor-icon-list-items\">\n\t\t\t\t\t\t\t<li class=\"elementor-icon-list-item\">\n\t\t\t\t\t\t\t\t\t\t\t<a href=\"https:\/\/ares-formation.com\/wp-content\/uploads\/2025\/06\/Reglement-interieur-V3-2025.pdf\">\n\n\t\t\t\t\t\t\t\t\t\t\t\t<span class=\"elementor-icon-list-icon\">\n\t\t\t\t\t\t\t<i aria-hidden=\"true\" class=\"fas fa-ruler-combined\"><\/i>\t\t\t\t\t\t<\/span>\n\t\t\t\t\t\t\t\t\t\t<span class=\"elementor-icon-list-text\">R\u00e8glement int\u00e9rieur<\/span>\n\t\t\t\t\t\t\t\t\t\t\t<\/a>\n\t\t\t\t\t\t\t\t\t<\/li>\n\t\t\t\t\t\t<\/ul>\n\t\t\t\t\t\t<\/div>\n\t\t\t\t<\/div>\n\t\t\t\t<div class=\"elementor-element elementor-element-f5ce7db elementor-widget elementor-widget-text-editor\" data-id=\"f5ce7db\" data-element_type=\"widget\" data-e-type=\"widget\" data-widget_type=\"text-editor.default\">\n\t\t\t\t<div class=\"elementor-widget-container\">\n\t\t\t\t\t\t\t\t\t<p>La soci\u00e9t\u00e9 AR\u00c8S CONSEIL, SARL au capital de 1 000 \u20ac, ayant son si\u00e8ge social au 244 Route de Seysses \u00e0 TOULOUSE (31100), immatricul\u00e9e aupr\u00e8s du RCS de TOULOUSE sous le n\u00b0 902 092 303, d\u00fbment repr\u00e9sent\u00e9e aux pr\u00e9sentes par son Directeur g\u00e9n\u00e9ral (ci-apr\u00e8s \u00ab AR\u00c8S FORMATION \u00bb), fournit des services de formation pour la pr\u00e9paration au Dipl\u00f4me d\u2019Expertise Comptable.<\/p><div><p>\u00a0D\u00e9claration d\u2019activit\u00e9 en qualit\u00e9 d\u2019organisme de formation enregistr\u00e9e sous le num\u00e9ro 76311079031.<\/p><\/div><div>\u00a0Pour toute question relative aux Services et\/ou la Plateforme, AR\u00c8S FORMATION peut \u00eatre contact\u00e9e comme suit :<\/div><div>\u00a0<\/div><p>&#8211; Par courrier postal \u00e0 l\u2019adresse AR\u00c8S CONSEIL, 244 Route de Seysses 31100 TOULOUSE<br \/>&#8211; Par mail \u00e0 contact@ares-formation.com<br \/>&#8211; Par t\u00e9l\u00e9phone au 06 06 70 74 64<\/p><p>Le directeur de la publication de la Plateforme est Madame Laure FROIDEFOND, en sa qualit\u00e9 de g\u00e9rant.<\/p><p>La Plateforme est h\u00e9berg\u00e9e par la soci\u00e9t\u00e9 OVH, immatricul\u00e9e sous le num\u00e9ro 424 761 419 aupr\u00e8s du RCS de Lilles, ayant son si\u00e8ge social 2 rue Kellermann &#8211; 59100 Roubaix &#8211; France.<\/p>\t\t\t\t\t\t\t\t<\/div>\n\t\t\t\t<\/div>\n\t\t\t\t\t<\/div>\n\t\t<\/div>\n\t\t\t\t\t<\/div>\n\t\t<\/section>\n\t\t\t\t<footer class=\"elementor-section elementor-top-section elementor-element elementor-element-7fc1698d elementor-section-height-min-height elementor-section-content-middle elementor-section-full_width elementor-section-height-default elementor-section-items-middle\" data-id=\"7fc1698d\" data-element_type=\"section\" data-e-type=\"section\" data-settings=\"{&quot;background_background&quot;:&quot;classic&quot;}\">\n\t\t\t\t\t\t<div class=\"elementor-container elementor-column-gap-no\">\n\t\t\t\t\t<div class=\"elementor-column elementor-col-100 elementor-top-column elementor-element elementor-element-568b583b\" data-id=\"568b583b\" data-element_type=\"column\" data-e-type=\"column\">\n\t\t\t<div class=\"elementor-widget-wrap elementor-element-populated\">\n\t\t\t\t\t\t<div class=\"elementor-element elementor-element-da60f16 elementor-widget elementor-widget-heading\" data-id=\"da60f16\" data-element_type=\"widget\" data-e-type=\"widget\" data-widget_type=\"heading.default\">\n\t\t\t\t<div class=\"elementor-widget-container\">\n\t\t\t\t\t<p class=\"elementor-heading-title elementor-size-default\">\u00a9 2026 All Rights Reserved.<\/p>\t\t\t\t<\/div>\n\t\t\t\t<\/div>\n\t\t\t\t\t<\/div>\n\t\t<\/div>\n\t\t\t\t\t<\/div>\n\t\t<\/footer>\n\t\t\t\t<\/div>\n\t\t","protected":false},"excerpt":{"rendered":"<p>R\u00e8glement int\u00e9rieur La soci\u00e9t\u00e9 AR\u00c8S CONSEIL, SARL au capital de 1 000 \u20ac, ayant son si\u00e8ge social au 244 Route de Seysses \u00e0 TOULOUSE (31100), immatricul\u00e9e aupr\u00e8s du RCS de TOULOUSE sous le n\u00b0 902 092 303, d\u00fbment repr\u00e9sent\u00e9e aux pr\u00e9sentes par son Directeur g\u00e9n\u00e9ral (ci-apr\u00e8s \u00ab AR\u00c8S FORMATION \u00bb), fournit des services de formation<\/p>\n<div><a class=\"btn-filled btn\" href=\"https:\/\/ares-formation.com\/index.php\/mentions-legales\/\" title=\"Mentions l\u00e9gales et r\u00e8glement int\u00e9rieur\">Lire la suite<\/a><\/div>\n","protected":false},"author":1,"featured_media":0,"parent":0,"menu_order":0,"comment_status":"closed","ping_status":"closed","template":"","meta":{"_mi_skip_tracking":false,"_monsterinsights_sitenote_active":false,"_monsterinsights_sitenote_note":"","_monsterinsights_sitenote_category":0,"footnotes":""},"class_list":["post-2918","page","type-page","status-publish","hentry"],"yoast_head":"<!-- This site is optimized with the Yoast SEO plugin v27.4 - https:\/\/yoast.com\/product\/yoast-seo-wordpress\/ -->\n<title>Mentions l\u00e9gales et r\u00e8glement int\u00e9rieur - AR\u00c8S FORMATION<\/title>\n<meta name=\"robots\" content=\"index, follow, max-snippet:-1, max-image-preview:large, max-video-preview:-1\" \/>\n<link rel=\"canonical\" href=\"https:\/\/ares-formation.com\/index.php\/mentions-legales\/\" \/>\n<meta property=\"og:locale\" content=\"fr_FR\" \/>\n<meta property=\"og:type\" content=\"article\" \/>\n<meta property=\"og:title\" content=\"Mentions l\u00e9gales et r\u00e8glement int\u00e9rieur - AR\u00c8S FORMATION\" \/>\n<meta property=\"og:description\" content=\"R\u00e8glement int\u00e9rieur La soci\u00e9t\u00e9 AR\u00c8S CONSEIL, SARL au capital de 1 000 \u20ac, ayant son si\u00e8ge social au 244 Route de Seysses \u00e0 TOULOUSE (31100), immatricul\u00e9e aupr\u00e8s du RCS de TOULOUSE sous le n\u00b0 902 092 303, d\u00fbment repr\u00e9sent\u00e9e aux pr\u00e9sentes par son Directeur g\u00e9n\u00e9ral (ci-apr\u00e8s \u00ab AR\u00c8S FORMATION \u00bb), fournit des services de formationLire la suite\" \/>\n<meta property=\"og:url\" content=\"https:\/\/ares-formation.com\/index.php\/mentions-legales\/\" \/>\n<meta property=\"og:site_name\" content=\"AR\u00c8S FORMATION\" \/>\n<meta property=\"article:publisher\" content=\"https:\/\/www.facebook.com\/ARS-Formation-120328344395623\" \/>\n<meta property=\"article:modified_time\" content=\"2025-06-02T06:53:50+00:00\" \/>\n<meta name=\"twitter:card\" content=\"summary_large_image\" \/>\n<meta name=\"twitter:label1\" content=\"Dur\u00e9e de lecture estim\u00e9e\" \/>\n\t<meta name=\"twitter:data1\" content=\"1 minute\" \/>\n<script type=\"application\/ld+json\" class=\"yoast-schema-graph\">{\"@context\":\"https:\\\/\\\/schema.org\",\"@graph\":[{\"@type\":\"WebPage\",\"@id\":\"https:\\\/\\\/ares-formation.com\\\/index.php\\\/mentions-legales\\\/\",\"url\":\"https:\\\/\\\/ares-formation.com\\\/index.php\\\/mentions-legales\\\/\",\"name\":\"Mentions l\u00e9gales et r\u00e8glement int\u00e9rieur - AR\u00c8S FORMATION\",\"isPartOf\":{\"@id\":\"https:\\\/\\\/ares-formation.com\\\/#website\"},\"datePublished\":\"2023-05-12T12:04:24+00:00\",\"dateModified\":\"2025-06-02T06:53:50+00:00\",\"breadcrumb\":{\"@id\":\"https:\\\/\\\/ares-formation.com\\\/index.php\\\/mentions-legales\\\/#breadcrumb\"},\"inLanguage\":\"fr-FR\",\"potentialAction\":[{\"@type\":\"ReadAction\",\"target\":[\"https:\\\/\\\/ares-formation.com\\\/index.php\\\/mentions-legales\\\/\"]}]},{\"@type\":\"BreadcrumbList\",\"@id\":\"https:\\\/\\\/ares-formation.com\\\/index.php\\\/mentions-legales\\\/#breadcrumb\",\"itemListElement\":[{\"@type\":\"ListItem\",\"position\":1,\"name\":\"Accueil\",\"item\":\"https:\\\/\\\/ares-formation.com\\\/\"},{\"@type\":\"ListItem\",\"position\":2,\"name\":\"Mentions l\u00e9gales et r\u00e8glement int\u00e9rieur\"}]},{\"@type\":\"WebSite\",\"@id\":\"https:\\\/\\\/ares-formation.com\\\/#website\",\"url\":\"https:\\\/\\\/ares-formation.com\\\/\",\"name\":\"AR\u00c8S FORMATION\",\"description\":\"Plateforme de coaching DEC 100% en ligne.\",\"publisher\":{\"@id\":\"https:\\\/\\\/ares-formation.com\\\/#organization\"},\"potentialAction\":[{\"@type\":\"SearchAction\",\"target\":{\"@type\":\"EntryPoint\",\"urlTemplate\":\"https:\\\/\\\/ares-formation.com\\\/?s={search_term_string}\"},\"query-input\":{\"@type\":\"PropertyValueSpecification\",\"valueRequired\":true,\"valueName\":\"search_term_string\"}}],\"inLanguage\":\"fr-FR\"},{\"@type\":\"Organization\",\"@id\":\"https:\\\/\\\/ares-formation.com\\\/#organization\",\"name\":\"AR\u00c8S FORMATION\",\"url\":\"https:\\\/\\\/ares-formation.com\\\/\",\"logo\":{\"@type\":\"ImageObject\",\"inLanguage\":\"fr-FR\",\"@id\":\"https:\\\/\\\/ares-formation.com\\\/#\\\/schema\\\/logo\\\/image\\\/\",\"url\":\"https:\\\/\\\/i0.wp.com\\\/ares-formation.com\\\/wp-content\\\/uploads\\\/2022\\\/07\\\/cropped-Logo-cheval-uniquement-1.png?fit=500%2C500&ssl=1\",\"contentUrl\":\"https:\\\/\\\/i0.wp.com\\\/ares-formation.com\\\/wp-content\\\/uploads\\\/2022\\\/07\\\/cropped-Logo-cheval-uniquement-1.png?fit=500%2C500&ssl=1\",\"width\":500,\"height\":500,\"caption\":\"AR\u00c8S FORMATION\"},\"image\":{\"@id\":\"https:\\\/\\\/ares-formation.com\\\/#\\\/schema\\\/logo\\\/image\\\/\"},\"sameAs\":[\"https:\\\/\\\/www.facebook.com\\\/ARS-Formation-120328344395623\"]}]}<\/script>\n<!-- \/ Yoast SEO plugin. -->","yoast_head_json":{"title":"Mentions l\u00e9gales et r\u00e8glement int\u00e9rieur - AR\u00c8S FORMATION","robots":{"index":"index","follow":"follow","max-snippet":"max-snippet:-1","max-image-preview":"max-image-preview:large","max-video-preview":"max-video-preview:-1"},"canonical":"https:\/\/ares-formation.com\/index.php\/mentions-legales\/","og_locale":"fr_FR","og_type":"article","og_title":"Mentions l\u00e9gales et r\u00e8glement int\u00e9rieur - AR\u00c8S FORMATION","og_description":"R\u00e8glement int\u00e9rieur La soci\u00e9t\u00e9 AR\u00c8S CONSEIL, SARL au capital de 1 000 \u20ac, ayant son si\u00e8ge social au 244 Route de Seysses \u00e0 TOULOUSE (31100), immatricul\u00e9e aupr\u00e8s du RCS de TOULOUSE sous le n\u00b0 902 092 303, d\u00fbment repr\u00e9sent\u00e9e aux pr\u00e9sentes par son Directeur g\u00e9n\u00e9ral (ci-apr\u00e8s \u00ab AR\u00c8S FORMATION \u00bb), fournit des services de formationLire la suite","og_url":"https:\/\/ares-formation.com\/index.php\/mentions-legales\/","og_site_name":"AR\u00c8S FORMATION","article_publisher":"https:\/\/www.facebook.com\/ARS-Formation-120328344395623","article_modified_time":"2025-06-02T06:53:50+00:00","twitter_card":"summary_large_image","twitter_misc":{"Dur\u00e9e de lecture estim\u00e9e":"1 minute"},"schema":{"@context":"https:\/\/schema.org","@graph":[{"@type":"WebPage","@id":"https:\/\/ares-formation.com\/index.php\/mentions-legales\/","url":"https:\/\/ares-formation.com\/index.php\/mentions-legales\/","name":"Mentions l\u00e9gales et r\u00e8glement int\u00e9rieur - AR\u00c8S FORMATION","isPartOf":{"@id":"https:\/\/ares-formation.com\/#website"},"datePublished":"2023-05-12T12:04:24+00:00","dateModified":"2025-06-02T06:53:50+00:00","breadcrumb":{"@id":"https:\/\/ares-formation.com\/index.php\/mentions-legales\/#breadcrumb"},"inLanguage":"fr-FR","potentialAction":[{"@type":"ReadAction","target":["https:\/\/ares-formation.com\/index.php\/mentions-legales\/"]}]},{"@type":"BreadcrumbList","@id":"https:\/\/ares-formation.com\/index.php\/mentions-legales\/#breadcrumb","itemListElement":[{"@type":"ListItem","position":1,"name":"Accueil","item":"https:\/\/ares-formation.com\/"},{"@type":"ListItem","position":2,"name":"Mentions l\u00e9gales et r\u00e8glement int\u00e9rieur"}]},{"@type":"WebSite","@id":"https:\/\/ares-formation.com\/#website","url":"https:\/\/ares-formation.com\/","name":"AR\u00c8S FORMATION","description":"Plateforme de coaching DEC 100% en ligne.","publisher":{"@id":"https:\/\/ares-formation.com\/#organization"},"potentialAction":[{"@type":"SearchAction","target":{"@type":"EntryPoint","urlTemplate":"https:\/\/ares-formation.com\/?s={search_term_string}"},"query-input":{"@type":"PropertyValueSpecification","valueRequired":true,"valueName":"search_term_string"}}],"inLanguage":"fr-FR"},{"@type":"Organization","@id":"https:\/\/ares-formation.com\/#organization","name":"AR\u00c8S FORMATION","url":"https:\/\/ares-formation.com\/","logo":{"@type":"ImageObject","inLanguage":"fr-FR","@id":"https:\/\/ares-formation.com\/#\/schema\/logo\/image\/","url":"https:\/\/i0.wp.com\/ares-formation.com\/wp-content\/uploads\/2022\/07\/cropped-Logo-cheval-uniquement-1.png?fit=500%2C500&ssl=1","contentUrl":"https:\/\/i0.wp.com\/ares-formation.com\/wp-content\/uploads\/2022\/07\/cropped-Logo-cheval-uniquement-1.png?fit=500%2C500&ssl=1","width":500,"height":500,"caption":"AR\u00c8S FORMATION"},"image":{"@id":"https:\/\/ares-formation.com\/#\/schema\/logo\/image\/"},"sameAs":["https:\/\/www.facebook.com\/ARS-Formation-120328344395623"]}]}},"jetpack-related-posts":[{"id":3,"url":"https:\/\/ares-formation.com\/index.php\/politique-de-confidentialite\/","url_meta":{"origin":2918,"position":0},"title":"Politique de confidentialit\u00e9","author":"admin9160","date":"5 juillet 2022","format":false,"excerpt":"Version mise en ligne le 30-06-2023ARTICLE 1 - PRESENTATION \u2013 OPPOSABILITE\u00a0 1.1 AR\u00c8S FORMATION accorde une importance particuli\u00e8re \u00e0 la protection de vos Donn\u00e9es personnelles et au respect de votre vie priv\u00e9e. La pr\u00e9sente Politique de confidentialit\u00e9 a pour objectif de Vous informer de nos pratiques concernant la collecte, le\u2026","rel":"","context":"Article similaire","block_context":{"text":"Article similaire","link":""},"img":{"alt_text":"","src":"","width":0,"height":0},"classes":[]},{"id":2901,"url":"https:\/\/ares-formation.com\/index.php\/conditions-generales-de-ventes\/","url_meta":{"origin":2918,"position":1},"title":"Conditions G\u00e9n\u00e9rales de Ventes et Certificat QUALIOPI","author":"admin9160","date":"11 mai 2023","format":false,"excerpt":"Certificat QUALIOPI valide jusqu'au 08\/12\/2023 Certificat QUALIOPI valide jusqu'au 07\/12\/2026 ARTICLE 1 - PRESENTATION D\u2019AR\u00c8S FORMATION\u00a0 1.1 La soci\u00e9t\u00e9 AR\u00c8S CONSEIL, Soci\u00e9t\u00e9 par Actions Simplifi\u00e9e au capital de 1 000 \u20ac, ayant son si\u00e8ge social au 244 Route de Seysses \u00e0 TOULOUSE (31100), immatricul\u00e9e aupr\u00e8s du RCS de TOULOUSE sous\u2026","rel":"","context":"Article similaire","block_context":{"text":"Article similaire","link":""},"img":{"alt_text":"","src":"","width":0,"height":0},"classes":[]},{"id":4313,"url":"https:\/\/ares-formation.com\/index.php\/qui-suis-je\/","url_meta":{"origin":2918,"position":2},"title":"Qui suis-je ?","author":"admin9160","date":"15 juin 2023","format":false,"excerpt":"Qui suis-je ? Expert-comptable \/ commissaire aux comptes dipl\u00f4m\u00e9e, je dirige d\u00e9sormais le cabinet AR\u00c8S CONSEIL (cabinet sp\u00e9cialis\u00e9 en \u00e9valuation d\u2019entreprise et conseils aux dirigeants) aux c\u00f4t\u00e9s de Rodolphe Rivayran \u00e9galement dipl\u00f4m\u00e9 d'expertise-comptable. Ancienne auditrice financi\u00e8re et l\u00e9gale dans un cabinet r\u00e9gional j'ai enseign\u00e9 le commissariat aux comptes et l\u2019audit\u2026","rel":"","context":"Article similaire","block_context":{"text":"Article similaire","link":""},"img":{"alt_text":"","src":"https:\/\/i0.wp.com\/ares-formation.com\/wp-content\/uploads\/2023\/05\/photo-accueil-zoomee.png?resize=350%2C200&ssl=1","width":350,"height":200,"srcset":"https:\/\/i0.wp.com\/ares-formation.com\/wp-content\/uploads\/2023\/05\/photo-accueil-zoomee.png?resize=350%2C200&ssl=1 1x, https:\/\/i0.wp.com\/ares-formation.com\/wp-content\/uploads\/2023\/05\/photo-accueil-zoomee.png?resize=525%2C300&ssl=1 1.5x, https:\/\/i0.wp.com\/ares-formation.com\/wp-content\/uploads\/2023\/05\/photo-accueil-zoomee.png?resize=700%2C400&ssl=1 2x, https:\/\/i0.wp.com\/ares-formation.com\/wp-content\/uploads\/2023\/05\/photo-accueil-zoomee.png?resize=1050%2C600&ssl=1 3x, https:\/\/i0.wp.com\/ares-formation.com\/wp-content\/uploads\/2023\/05\/photo-accueil-zoomee.png?resize=1400%2C800&ssl=1 4x"},"classes":[]},{"id":2992,"url":"https:\/\/ares-formation.com\/index.php\/sujet\/","url_meta":{"origin":2918,"position":3},"title":"Sujet","author":"admin9160","date":"15 mai 2023","format":false,"excerpt":"Articles et autres ressources Nouvelle note du jury 08-07-2025 Les conseils du pr\u00e9sident du jury du DEC et de la secr\u00e9taire p\u00e9dagogique La r\u00e8gle des 1\/60, ou comment une petite erreur peut te mener droit \u00e0 l\u2019\u00e9chec Bien commencer l'ann\u00e9e pour valider le DEC Concilier le DEC et la p\u00e9riode\u2026","rel":"","context":"Article similaire","block_context":{"text":"Article similaire","link":""},"img":{"alt_text":"","src":"","width":0,"height":0},"classes":[]},{"id":5,"url":"https:\/\/ares-formation.com\/index.php\/membership-join\/","url_meta":{"origin":2918,"position":4},"title":"Tarifs","author":"admin9160","date":"10 juillet 2022","format":false,"excerpt":"L' abonnement \u00e0 la plateforme Les prestations sont \u00e9ligibles au financement\u00a0CPF et OPCO. Contacte-moi pour les modalit\u00e9s de paiement.Cabinets d'expertise-comptable ? Contactez-moi pour les offres multi-licences.\u00a0 Me contacter pour un financement CPF \/ OPCO Abonnement annuel 49 90 \/ mois \u20ac Engagement minimum 12 mois Abonnement semestriel 69 90 \/\u2026","rel":"","context":"Article similaire","block_context":{"text":"Article similaire","link":""},"img":{"alt_text":"","src":"","width":0,"height":0},"classes":[]},{"id":42,"url":"https:\/\/ares-formation.com\/index.php\/redaction-du-memoire\/","url_meta":{"origin":2918,"position":5},"title":"R\u00e9daction du m\u00e9moire","author":"admin9160","date":"13 juillet 2022","format":false,"excerpt":"Articles et autres ressources Nouvelle note du jury 08-07-2025 (\u00e0 lire !!) Les conseils du pr\u00e9sident du jury du DEC et de la secr\u00e9taire p\u00e9dagogique (\u00e0 lire !!) La r\u00e8gle des 1\/60, ou comment une petite erreur peut te mener droit \u00e0 l\u2019\u00e9chec Bien commencer l'ann\u00e9e pour valider le DEC\u2026","rel":"","context":"Article similaire","block_context":{"text":"Article similaire","link":""},"img":{"alt_text":"","src":"","width":0,"height":0},"classes":[]}],"jetpack_sharing_enabled":true,"_links":{"self":[{"href":"https:\/\/ares-formation.com\/index.php\/wp-json\/wp\/v2\/pages\/2918","targetHints":{"allow":["GET"]}}],"collection":[{"href":"https:\/\/ares-formation.com\/index.php\/wp-json\/wp\/v2\/pages"}],"about":[{"href":"https:\/\/ares-formation.com\/index.php\/wp-json\/wp\/v2\/types\/page"}],"author":[{"embeddable":true,"href":"https:\/\/ares-formation.com\/index.php\/wp-json\/wp\/v2\/users\/1"}],"replies":[{"embeddable":true,"href":"https:\/\/ares-formation.com\/index.php\/wp-json\/wp\/v2\/comments?post=2918"}],"version-history":[{"count":29,"href":"https:\/\/ares-formation.com\/index.php\/wp-json\/wp\/v2\/pages\/2918\/revisions"}],"predecessor-version":[{"id":5563,"href":"https:\/\/ares-formation.com\/index.php\/wp-json\/wp\/v2\/pages\/2918\/revisions\/5563"}],"wp:attachment":[{"href":"https:\/\/ares-formation.com\/index.php\/wp-json\/wp\/v2\/media?parent=2918"}],"curies":[{"name":"wp","href":"https:\/\/api.w.org\/{rel}","templated":true}]}}