{"id":2977,"date":"2023-05-15T21:58:05","date_gmt":"2023-05-15T19:58:05","guid":{"rendered":"https:\/\/ares-formation.com\/?page_id=2977"},"modified":"2026-04-03T10:05:47","modified_gmt":"2026-04-03T08:05:47","slug":"seances-individuelles","status":"publish","type":"page","link":"https:\/\/ares-formation.com\/index.php\/seances-individuelles\/","title":{"rendered":"Coaching individuel \/ Calendly"},"content":{"rendered":"\t\t<div data-elementor-type=\"wp-page\" data-elementor-id=\"2977\" class=\"elementor elementor-2977\" data-elementor-post-type=\"page\">\n\t\t\t\t\t\t<section class=\"elementor-section elementor-top-section elementor-element elementor-element-46e60ee elementor-section-boxed elementor-section-height-default elementor-section-height-default\" data-id=\"46e60ee\" data-element_type=\"section\" data-e-type=\"section\">\n\t\t\t\t\t\t<div class=\"elementor-container elementor-column-gap-default\">\n\t\t\t\t\t<div class=\"elementor-column elementor-col-100 elementor-top-column elementor-element elementor-element-bfb3f02\" data-id=\"bfb3f02\" data-element_type=\"column\" data-e-type=\"column\">\n\t\t\t<div class=\"elementor-widget-wrap elementor-element-populated\">\n\t\t\t\t\t\t<div class=\"elementor-element elementor-element-e625123 elementor-widget elementor-widget-heading\" data-id=\"e625123\" data-element_type=\"widget\" data-e-type=\"widget\" data-widget_type=\"heading.default\">\n\t\t\t\t<div class=\"elementor-widget-container\">\n\t\t\t\t\t<h3 class=\"elementor-heading-title elementor-size-default\">Coaching individuel<\/h3>\t\t\t\t<\/div>\n\t\t\t\t<\/div>\n\t\t\t\t<div class=\"elementor-element elementor-element-a1b62bf elementor-widget elementor-widget-text-editor\" data-id=\"a1b62bf\" data-element_type=\"widget\" data-e-type=\"widget\" data-widget_type=\"text-editor.default\">\n\t\t\t\t<div class=\"elementor-widget-container\">\n\t\t\t\t\t\t\t\t\t<p><strong>Depuis le 1er janvier 2024 les cr\u00e9neaux de coaching individuels sont r\u00e9serv\u00e9s aux abonn\u00e9s de la plateforme.<\/strong><\/p>\n<p>Tu peux r\u00e9server une ou plusieurs s\u00e9ances de coaching individuel d&rsquo;une dur\u00e9e d&rsquo;1h \/1h30. Cette s\u00e9ance te permettra d&rsquo;\u00e9changer avec moi sur plusieurs points pr\u00e9cis comme : la validation de ton sujet, l&rsquo;analyse de ton retour d&rsquo;agr\u00e9ment, le plan de ton m\u00e9moire, la pertinence de tes outils, des soutenances blanches &#8230;&nbsp;<\/p>\n<p style=\"text-align: center;\"><span style=\"color: #ff0000;\"><b>Info : les nombreuses relectures m\u00e9moires ne me permettent pas de proposer des cr\u00e9neaux de coaching individuel sur le mois d&rsquo;ao\u00fbt et de f\u00e9vrier.<\/b><\/span><\/p>\t\t\t\t\t\t\t\t<\/div>\n\t\t\t\t<\/div>\n\t\t\t\t\t<\/div>\n\t\t<\/div>\n\t\t\t\t\t<\/div>\n\t\t<\/section>\n\t\t\t\t<section class=\"elementor-section elementor-top-section elementor-element elementor-element-187b5236 elementor-section-content-middle elementor-section-boxed elementor-section-height-default elementor-section-height-default\" data-id=\"187b5236\" data-element_type=\"section\" data-e-type=\"section\">\n\t\t\t\t\t\t<div class=\"elementor-container elementor-column-gap-no\">\n\t\t\t\t\t<div class=\"elementor-column elementor-col-100 elementor-top-column elementor-element elementor-element-408fe2fa\" data-id=\"408fe2fa\" data-element_type=\"column\" data-e-type=\"column\">\n\t\t\t<div class=\"elementor-widget-wrap elementor-element-populated\">\n\t\t\t\t\t\t<div class=\"elementor-element elementor-element-35a625f3 elementor-widget elementor-widget-price-table\" data-id=\"35a625f3\" data-element_type=\"widget\" data-e-type=\"widget\" data-widget_type=\"price-table.default\">\n\t\t\t\t<div class=\"elementor-widget-container\">\n\t\t\t\t\t\n\t\t<div class=\"elementor-price-table\">\n\t\t\t\t\t\t\t<div class=\"elementor-price-table__header\">\n\t\t\t\t\t\t\t\t\t\t\t<h3 class=\"elementor-price-table__heading\">\n\t\t\t\t\t\tS\u00e9ance individuelle\t\t\t\t\t\t<\/h3>\n\t\t\t\t\t\n\t\t\t\t\t\t\t\t\t\t\t<span class=\"elementor-price-table__subheading\">\n\t\t\t\t\t\t\tR\u00e9serv\u00e9 aux abonn\u00e9s de la plateforme\t\t\t\t\t\t<\/span>\n\t\t\t\t\t\t\t\t\t<\/div>\n\t\t\t\n\t\t\t<div class=\"elementor-price-table__price\">\n\t\t\t\t\t\t\t\t\t\t\t\t\t\t\t\t\t<span class=\"elementor-price-table__integer-part\">\n\t\t\t\t\t\t\t\t\t\t\t<\/span>\n\t\t\t\t\n\t\t\t\t\n\t\t\t\t\n\t\t\t\t\t\t\t<\/div>\n\n\t\t\t\t\t\t\t<ul class=\"elementor-price-table__features-list\">\n\t\t\t\t\t\t\t\t\t\t\t<li class=\"elementor-repeater-item-c1e67b1\">\n\t\t\t\t\t\t\t<div class=\"elementor-price-table__feature-inner\">\n\t\t\t\t\t\t\t\t<i aria-hidden=\"true\" class=\"fas fa-check\"><\/i>\t\t\t\t\t\t\t\t\t\t\t\t\t\t\t\t\t<span >\n\t\t\t\t\t\t\t\t\t\tS\u00e9ance personnalis\u00e9e d'1h - 1h30\t\t\t\t\t\t\t\t\t<\/span>\n\t\t\t\t\t\t\t\t\t\t\t\t\t\t\t\t<\/div>\n\t\t\t\t\t\t<\/li>\n\t\t\t\t\t\t\t\t\t\t\t<li class=\"elementor-repeater-item-1a43259\">\n\t\t\t\t\t\t\t<div class=\"elementor-price-table__feature-inner\">\n\t\t\t\t\t\t\t\t<i aria-hidden=\"true\" class=\"far fa-calendar-check\"><\/i>\t\t\t\t\t\t\t\t\t\t\t\t\t\t\t\t\t<span >\n\t\t\t\t\t\t\t\t\t\tCr\u00e9neau en semaine et week end\t\t\t\t\t\t\t\t\t<\/span>\n\t\t\t\t\t\t\t\t\t\t\t\t\t\t\t\t<\/div>\n\t\t\t\t\t\t<\/li>\n\t\t\t\t\t\t\t\t\t\t\t<li class=\"elementor-repeater-item-5cc0b7d\">\n\t\t\t\t\t\t\t<div class=\"elementor-price-table__feature-inner\">\n\t\t\t\t\t\t\t\t<i aria-hidden=\"true\" class=\"fas fa-chess-queen\"><\/i>\t\t\t\t\t\t\t\t\t\t\t\t\t\t\t\t\t<span >\n\t\t\t\t\t\t\t\t\t\tR\u00e9serv\u00e9 aux abonn\u00e9s de la plateforme\t\t\t\t\t\t\t\t\t<\/span>\n\t\t\t\t\t\t\t\t\t\t\t\t\t\t\t\t<\/div>\n\t\t\t\t\t\t<\/li>\n\t\t\t\t\t\t\t\t\t<\/ul>\n\t\t\t\n\t\t\t\t\t<\/div>\n\n\t\t\t\t\t<div class=\"elementor-price-table__ribbon\">\n\t\t\t\t<div class=\"elementor-price-table__ribbon-inner\">\n\t\t\t\t\tAbonn\u00e9s\t\t\t\t<\/div>\n\t\t\t<\/div>\n\t\t\t\t\t\t\t<\/div>\n\t\t\t\t<\/div>\n\t\t\t\t<div class=\"elementor-element elementor-element-03726d5 elementor-widget-mobile__width-auto e-transform e-transform elementor-widget elementor-widget-html\" data-id=\"03726d5\" data-element_type=\"widget\" data-e-type=\"widget\" data-settings=\"{&quot;_transform_translateX_effect_mobile&quot;:{&quot;unit&quot;:&quot;px&quot;,&quot;size&quot;:-9,&quot;sizes&quot;:[]},&quot;_transform_translateY_effect_mobile&quot;:{&quot;unit&quot;:&quot;px&quot;,&quot;size&quot;:-12,&quot;sizes&quot;:[]},&quot;_transform_scale_effect_mobile&quot;:{&quot;unit&quot;:&quot;px&quot;,&quot;size&quot;:0.94,&quot;sizes&quot;:[]},&quot;_transform_translateX_effect&quot;:{&quot;unit&quot;:&quot;px&quot;,&quot;size&quot;:&quot;&quot;,&quot;sizes&quot;:[]},&quot;_transform_translateX_effect_tablet&quot;:{&quot;unit&quot;:&quot;px&quot;,&quot;size&quot;:&quot;&quot;,&quot;sizes&quot;:[]},&quot;_transform_translateY_effect&quot;:{&quot;unit&quot;:&quot;px&quot;,&quot;size&quot;:&quot;&quot;,&quot;sizes&quot;:[]},&quot;_transform_translateY_effect_tablet&quot;:{&quot;unit&quot;:&quot;px&quot;,&quot;size&quot;:&quot;&quot;,&quot;sizes&quot;:[]},&quot;_transform_scale_effect&quot;:{&quot;unit&quot;:&quot;px&quot;,&quot;size&quot;:&quot;&quot;,&quot;sizes&quot;:[]},&quot;_transform_scale_effect_tablet&quot;:{&quot;unit&quot;:&quot;px&quot;,&quot;size&quot;:&quot;&quot;,&quot;sizes&quot;:[]}}\" data-widget_type=\"html.default\">\n\t\t\t\t<div class=\"elementor-widget-container\">\n\t\t\t\t\t<!-- D\u00e9but de widget en ligne Calendly -->\r\n<div class=\"calendly-inline-widget\" data-url=\"https:\/\/calendly.com\/ares-formation\/60min?hide_event_type_details=1&hide_gdpr_banner=1&text_color=165d52&primary_color=165d52\" style=\"min-width:320px;height:700px;\"><\/div>\r\n<script type=\"text\/javascript\" src=\"https:\/\/assets.calendly.com\/assets\/external\/widget.js\" async><\/script>\r\n<!-- Fin de widget en ligne Calendly -->\t\t\t\t<\/div>\n\t\t\t\t<\/div>\n\t\t\t\t\t<\/div>\n\t\t<\/div>\n\t\t\t\t\t<\/div>\n\t\t<\/section>\n\t\t\t\t<section class=\"elementor-section elementor-top-section elementor-element elementor-element-120787bf elementor-section-content-middle elementor-section-boxed elementor-section-height-default elementor-section-height-default\" data-id=\"120787bf\" data-element_type=\"section\" data-e-type=\"section\">\n\t\t\t\t\t\t<div class=\"elementor-container elementor-column-gap-no\">\n\t\t\t\t\t<div class=\"elementor-column elementor-col-100 elementor-top-column elementor-element elementor-element-5f72542f\" data-id=\"5f72542f\" data-element_type=\"column\" data-e-type=\"column\">\n\t\t\t<div class=\"elementor-widget-wrap elementor-element-populated\">\n\t\t\t\t\t\t<div class=\"elementor-element elementor-element-666c151 elementor-widget elementor-widget-heading\" data-id=\"666c151\" data-element_type=\"widget\" data-e-type=\"widget\" data-widget_type=\"heading.default\">\n\t\t\t\t<div class=\"elementor-widget-container\">\n\t\t\t\t\t<h4 class=\"elementor-heading-title elementor-size-default\">FAQ <\/h4>\t\t\t\t<\/div>\n\t\t\t\t<\/div>\n\t\t\t\t<div class=\"elementor-element elementor-element-61781d4e elementor-widget elementor-widget-toggle\" data-id=\"61781d4e\" data-element_type=\"widget\" data-e-type=\"widget\" data-widget_type=\"toggle.default\">\n\t\t\t\t<div class=\"elementor-widget-container\">\n\t\t\t\t\t\t\t<div class=\"elementor-toggle\">\n\t\t\t\t\t\t\t<div class=\"elementor-toggle-item\">\n\t\t\t\t\t<div id=\"elementor-tab-title-1631\" class=\"elementor-tab-title\" data-tab=\"1\" role=\"button\" aria-controls=\"elementor-tab-content-1631\" aria-expanded=\"false\">\n\t\t\t\t\t\t\t\t\t\t\t\t<span class=\"elementor-toggle-icon elementor-toggle-icon-right\" aria-hidden=\"true\">\n\t\t\t\t\t\t\t\t\t\t\t\t\t\t\t<span class=\"elementor-toggle-icon-closed\"><i class=\"fas fa-caret-right\"><\/i><\/span>\n\t\t\t\t\t\t\t\t<span class=\"elementor-toggle-icon-opened\"><i class=\"elementor-toggle-icon-opened fas fa-caret-up\"><\/i><\/span>\n\t\t\t\t\t\t\t\t\t\t\t\t\t<\/span>\n\t\t\t\t\t\t\t\t\t\t\t\t<a class=\"elementor-toggle-title\" tabindex=\"0\">Comment r\u00e9server une s\u00e9ance de coaching individuel ?<\/a>\n\t\t\t\t\t<\/div>\n\n\t\t\t\t\t<div id=\"elementor-tab-content-1631\" class=\"elementor-tab-content elementor-clearfix\" data-tab=\"1\" role=\"region\" aria-labelledby=\"elementor-tab-title-1631\"><p>Pour r\u00e9server une s\u00e9ance individuelle il te suffit de choisir le cr\u00e9neau qui te convient dans le calendrier. Le paiement sera effectu\u00e9 apr\u00e8s la s\u00e9ance en fonction du temps pass\u00e9.\u00a0<\/p><\/div>\n\t\t\t\t<\/div>\n\t\t\t\t\t\t\t<div class=\"elementor-toggle-item\">\n\t\t\t\t\t<div id=\"elementor-tab-title-1632\" class=\"elementor-tab-title\" data-tab=\"2\" role=\"button\" aria-controls=\"elementor-tab-content-1632\" aria-expanded=\"false\">\n\t\t\t\t\t\t\t\t\t\t\t\t<span class=\"elementor-toggle-icon elementor-toggle-icon-right\" aria-hidden=\"true\">\n\t\t\t\t\t\t\t\t\t\t\t\t\t\t\t<span class=\"elementor-toggle-icon-closed\"><i class=\"fas fa-caret-right\"><\/i><\/span>\n\t\t\t\t\t\t\t\t<span class=\"elementor-toggle-icon-opened\"><i class=\"elementor-toggle-icon-opened fas fa-caret-up\"><\/i><\/span>\n\t\t\t\t\t\t\t\t\t\t\t\t\t<\/span>\n\t\t\t\t\t\t\t\t\t\t\t\t<a class=\"elementor-toggle-title\" tabindex=\"0\">Comment se d\u00e9roule une s\u00e9ance de coaching individuel ?<\/a>\n\t\t\t\t\t<\/div>\n\n\t\t\t\t\t<div id=\"elementor-tab-content-1632\" class=\"elementor-tab-content elementor-clearfix\" data-tab=\"2\" role=\"region\" aria-labelledby=\"elementor-tab-title-1632\"><p>En fonction de tes besoins, le coaching se fera par \u00e9change t\u00e9l\u00e9phonique ou visio. Les s\u00e9ances individuelles peuvent servir par exemple \u00e0 :<\/p><p>&#8211; Chercher ensemble ton sujet \/ affiner ton th\u00e8me \/ travailler ton plan &#8230;<\/p><p>&#8211; Echanger sur ta notice \/ ton m\u00e9moire &#8230;<\/p><p>&#8211; Faire des soutenances blanches \/ Cr\u00e9er ton support d&rsquo;oral &#8230;<\/p><\/div>\n\t\t\t\t<\/div>\n\t\t\t\t\t\t\t\t<\/div>\n\t\t\t\t\t\t<\/div>\n\t\t\t\t<\/div>\n\t\t\t\t\t<\/div>\n\t\t<\/div>\n\t\t\t\t\t<\/div>\n\t\t<\/section>\n\t\t\t\t<footer class=\"elementor-section elementor-top-section elementor-element elementor-element-4774b13f elementor-section-height-min-height elementor-section-content-middle elementor-section-full_width elementor-section-height-default elementor-section-items-middle\" data-id=\"4774b13f\" data-element_type=\"section\" data-e-type=\"section\" data-settings=\"{&quot;background_background&quot;:&quot;classic&quot;}\">\n\t\t\t\t\t\t<div class=\"elementor-container elementor-column-gap-no\">\n\t\t\t\t\t<div class=\"elementor-column elementor-col-100 elementor-top-column elementor-element elementor-element-4e93552\" data-id=\"4e93552\" data-element_type=\"column\" data-e-type=\"column\">\n\t\t\t<div class=\"elementor-widget-wrap elementor-element-populated\">\n\t\t\t\t\t\t<div class=\"elementor-element elementor-element-61362e85 elementor-widget elementor-widget-heading\" data-id=\"61362e85\" data-element_type=\"widget\" data-e-type=\"widget\" data-widget_type=\"heading.default\">\n\t\t\t\t<div class=\"elementor-widget-container\">\n\t\t\t\t\t<p class=\"elementor-heading-title elementor-size-default\">\u00a9 2026 All Rights Reserved.<\/p>\t\t\t\t<\/div>\n\t\t\t\t<\/div>\n\t\t\t\t\t<\/div>\n\t\t<\/div>\n\t\t\t\t\t<\/div>\n\t\t<\/footer>\n\t\t\t\t<\/div>\n\t\t","protected":false},"excerpt":{"rendered":"<p>Coaching individuel Depuis le 1er janvier 2024 les cr\u00e9neaux de coaching individuels sont r\u00e9serv\u00e9s aux abonn\u00e9s de la plateforme. Tu peux r\u00e9server une ou plusieurs s\u00e9ances de coaching individuel d&rsquo;une dur\u00e9e d&rsquo;1h \/1h30. Cette s\u00e9ance te permettra d&rsquo;\u00e9changer avec moi sur plusieurs points pr\u00e9cis comme : la validation de ton sujet, l&rsquo;analyse de ton retour<\/p>\n<div><a class=\"btn-filled btn\" href=\"https:\/\/ares-formation.com\/index.php\/seances-individuelles\/\" title=\"Coaching individuel \/ Calendly\">Lire la suite<\/a><\/div>\n","protected":false},"author":1,"featured_media":0,"parent":0,"menu_order":0,"comment_status":"closed","ping_status":"closed","template":"","meta":{"_mi_skip_tracking":false,"_monsterinsights_sitenote_active":false,"_monsterinsights_sitenote_note":"","_monsterinsights_sitenote_category":0,"footnotes":""},"class_list":["post-2977","page","type-page","status-publish","hentry"],"yoast_head":"<!-- This site is optimized with the Yoast SEO plugin v27.4 - https:\/\/yoast.com\/product\/yoast-seo-wordpress\/ -->\n<title>Coaching individuel \/ Calendly - AR\u00c8S FORMATION<\/title>\n<meta name=\"robots\" content=\"index, follow, max-snippet:-1, max-image-preview:large, max-video-preview:-1\" \/>\n<link rel=\"canonical\" href=\"https:\/\/ares-formation.com\/index.php\/seances-individuelles\/\" \/>\n<meta property=\"og:locale\" content=\"fr_FR\" \/>\n<meta property=\"og:type\" content=\"article\" \/>\n<meta property=\"og:title\" content=\"Coaching individuel \/ Calendly - AR\u00c8S FORMATION\" \/>\n<meta property=\"og:description\" content=\"Coaching individuel Depuis le 1er janvier 2024 les cr\u00e9neaux de coaching individuels sont r\u00e9serv\u00e9s aux abonn\u00e9s de la plateforme. Tu peux r\u00e9server une ou plusieurs s\u00e9ances de coaching individuel d&rsquo;une dur\u00e9e d&rsquo;1h \/1h30. Cette s\u00e9ance te permettra d&rsquo;\u00e9changer avec moi sur plusieurs points pr\u00e9cis comme : la validation de ton sujet, l&rsquo;analyse de ton retourLire la suite\" \/>\n<meta property=\"og:url\" content=\"https:\/\/ares-formation.com\/index.php\/seances-individuelles\/\" \/>\n<meta property=\"og:site_name\" content=\"AR\u00c8S FORMATION\" \/>\n<meta property=\"article:publisher\" content=\"https:\/\/www.facebook.com\/ARS-Formation-120328344395623\" \/>\n<meta property=\"article:modified_time\" content=\"2026-04-03T08:05:47+00:00\" \/>\n<meta name=\"twitter:card\" content=\"summary_large_image\" \/>\n<meta name=\"twitter:label1\" content=\"Dur\u00e9e de lecture estim\u00e9e\" \/>\n\t<meta name=\"twitter:data1\" content=\"2 minutes\" \/>\n<script type=\"application\/ld+json\" class=\"yoast-schema-graph\">{\"@context\":\"https:\\\/\\\/schema.org\",\"@graph\":[{\"@type\":\"WebPage\",\"@id\":\"https:\\\/\\\/ares-formation.com\\\/index.php\\\/seances-individuelles\\\/\",\"url\":\"https:\\\/\\\/ares-formation.com\\\/index.php\\\/seances-individuelles\\\/\",\"name\":\"Coaching individuel \\\/ Calendly - AR\u00c8S FORMATION\",\"isPartOf\":{\"@id\":\"https:\\\/\\\/ares-formation.com\\\/#website\"},\"datePublished\":\"2023-05-15T19:58:05+00:00\",\"dateModified\":\"2026-04-03T08:05:47+00:00\",\"breadcrumb\":{\"@id\":\"https:\\\/\\\/ares-formation.com\\\/index.php\\\/seances-individuelles\\\/#breadcrumb\"},\"inLanguage\":\"fr-FR\",\"potentialAction\":[{\"@type\":\"ReadAction\",\"target\":[\"https:\\\/\\\/ares-formation.com\\\/index.php\\\/seances-individuelles\\\/\"]}]},{\"@type\":\"BreadcrumbList\",\"@id\":\"https:\\\/\\\/ares-formation.com\\\/index.php\\\/seances-individuelles\\\/#breadcrumb\",\"itemListElement\":[{\"@type\":\"ListItem\",\"position\":1,\"name\":\"Accueil\",\"item\":\"https:\\\/\\\/ares-formation.com\\\/\"},{\"@type\":\"ListItem\",\"position\":2,\"name\":\"Coaching individuel \\\/ Calendly\"}]},{\"@type\":\"WebSite\",\"@id\":\"https:\\\/\\\/ares-formation.com\\\/#website\",\"url\":\"https:\\\/\\\/ares-formation.com\\\/\",\"name\":\"AR\u00c8S FORMATION\",\"description\":\"Plateforme de coaching DEC 100% en ligne.\",\"publisher\":{\"@id\":\"https:\\\/\\\/ares-formation.com\\\/#organization\"},\"potentialAction\":[{\"@type\":\"SearchAction\",\"target\":{\"@type\":\"EntryPoint\",\"urlTemplate\":\"https:\\\/\\\/ares-formation.com\\\/?s={search_term_string}\"},\"query-input\":{\"@type\":\"PropertyValueSpecification\",\"valueRequired\":true,\"valueName\":\"search_term_string\"}}],\"inLanguage\":\"fr-FR\"},{\"@type\":\"Organization\",\"@id\":\"https:\\\/\\\/ares-formation.com\\\/#organization\",\"name\":\"AR\u00c8S FORMATION\",\"url\":\"https:\\\/\\\/ares-formation.com\\\/\",\"logo\":{\"@type\":\"ImageObject\",\"inLanguage\":\"fr-FR\",\"@id\":\"https:\\\/\\\/ares-formation.com\\\/#\\\/schema\\\/logo\\\/image\\\/\",\"url\":\"https:\\\/\\\/i0.wp.com\\\/ares-formation.com\\\/wp-content\\\/uploads\\\/2022\\\/07\\\/cropped-Logo-cheval-uniquement-1.png?fit=500%2C500&ssl=1\",\"contentUrl\":\"https:\\\/\\\/i0.wp.com\\\/ares-formation.com\\\/wp-content\\\/uploads\\\/2022\\\/07\\\/cropped-Logo-cheval-uniquement-1.png?fit=500%2C500&ssl=1\",\"width\":500,\"height\":500,\"caption\":\"AR\u00c8S FORMATION\"},\"image\":{\"@id\":\"https:\\\/\\\/ares-formation.com\\\/#\\\/schema\\\/logo\\\/image\\\/\"},\"sameAs\":[\"https:\\\/\\\/www.facebook.com\\\/ARS-Formation-120328344395623\"]}]}<\/script>\n<!-- \/ Yoast SEO plugin. -->","yoast_head_json":{"title":"Coaching individuel \/ Calendly - AR\u00c8S FORMATION","robots":{"index":"index","follow":"follow","max-snippet":"max-snippet:-1","max-image-preview":"max-image-preview:large","max-video-preview":"max-video-preview:-1"},"canonical":"https:\/\/ares-formation.com\/index.php\/seances-individuelles\/","og_locale":"fr_FR","og_type":"article","og_title":"Coaching individuel \/ Calendly - AR\u00c8S FORMATION","og_description":"Coaching individuel Depuis le 1er janvier 2024 les cr\u00e9neaux de coaching individuels sont r\u00e9serv\u00e9s aux abonn\u00e9s de la plateforme. Tu peux r\u00e9server une ou plusieurs s\u00e9ances de coaching individuel d&rsquo;une dur\u00e9e d&rsquo;1h \/1h30. Cette s\u00e9ance te permettra d&rsquo;\u00e9changer avec moi sur plusieurs points pr\u00e9cis comme : la validation de ton sujet, l&rsquo;analyse de ton retourLire la suite","og_url":"https:\/\/ares-formation.com\/index.php\/seances-individuelles\/","og_site_name":"AR\u00c8S FORMATION","article_publisher":"https:\/\/www.facebook.com\/ARS-Formation-120328344395623","article_modified_time":"2026-04-03T08:05:47+00:00","twitter_card":"summary_large_image","twitter_misc":{"Dur\u00e9e de lecture estim\u00e9e":"2 minutes"},"schema":{"@context":"https:\/\/schema.org","@graph":[{"@type":"WebPage","@id":"https:\/\/ares-formation.com\/index.php\/seances-individuelles\/","url":"https:\/\/ares-formation.com\/index.php\/seances-individuelles\/","name":"Coaching individuel \/ Calendly - AR\u00c8S FORMATION","isPartOf":{"@id":"https:\/\/ares-formation.com\/#website"},"datePublished":"2023-05-15T19:58:05+00:00","dateModified":"2026-04-03T08:05:47+00:00","breadcrumb":{"@id":"https:\/\/ares-formation.com\/index.php\/seances-individuelles\/#breadcrumb"},"inLanguage":"fr-FR","potentialAction":[{"@type":"ReadAction","target":["https:\/\/ares-formation.com\/index.php\/seances-individuelles\/"]}]},{"@type":"BreadcrumbList","@id":"https:\/\/ares-formation.com\/index.php\/seances-individuelles\/#breadcrumb","itemListElement":[{"@type":"ListItem","position":1,"name":"Accueil","item":"https:\/\/ares-formation.com\/"},{"@type":"ListItem","position":2,"name":"Coaching individuel \/ Calendly"}]},{"@type":"WebSite","@id":"https:\/\/ares-formation.com\/#website","url":"https:\/\/ares-formation.com\/","name":"AR\u00c8S FORMATION","description":"Plateforme de coaching DEC 100% en ligne.","publisher":{"@id":"https:\/\/ares-formation.com\/#organization"},"potentialAction":[{"@type":"SearchAction","target":{"@type":"EntryPoint","urlTemplate":"https:\/\/ares-formation.com\/?s={search_term_string}"},"query-input":{"@type":"PropertyValueSpecification","valueRequired":true,"valueName":"search_term_string"}}],"inLanguage":"fr-FR"},{"@type":"Organization","@id":"https:\/\/ares-formation.com\/#organization","name":"AR\u00c8S FORMATION","url":"https:\/\/ares-formation.com\/","logo":{"@type":"ImageObject","inLanguage":"fr-FR","@id":"https:\/\/ares-formation.com\/#\/schema\/logo\/image\/","url":"https:\/\/i0.wp.com\/ares-formation.com\/wp-content\/uploads\/2022\/07\/cropped-Logo-cheval-uniquement-1.png?fit=500%2C500&ssl=1","contentUrl":"https:\/\/i0.wp.com\/ares-formation.com\/wp-content\/uploads\/2022\/07\/cropped-Logo-cheval-uniquement-1.png?fit=500%2C500&ssl=1","width":500,"height":500,"caption":"AR\u00c8S FORMATION"},"image":{"@id":"https:\/\/ares-formation.com\/#\/schema\/logo\/image\/"},"sameAs":["https:\/\/www.facebook.com\/ARS-Formation-120328344395623"]}]}},"jetpack-related-posts":[{"id":5,"url":"https:\/\/ares-formation.com\/index.php\/membership-join\/","url_meta":{"origin":2977,"position":0},"title":"Tarifs","author":"admin9160","date":"10 juillet 2022","format":false,"excerpt":"L' abonnement \u00e0 la plateforme Les prestations sont \u00e9ligibles au financement\u00a0CPF et OPCO. Contacte-moi pour les modalit\u00e9s de paiement.Cabinets d'expertise-comptable ? Contactez-moi pour les offres multi-licences.\u00a0 Me contacter pour un financement CPF \/ OPCO Abonnement annuel 49 90 \/ mois \u20ac Engagement minimum 12 mois Abonnement semestriel 69 90 \/\u2026","rel":"","context":"Article similaire","block_context":{"text":"Article similaire","link":""},"img":{"alt_text":"","src":"","width":0,"height":0},"classes":[]},{"id":1474,"url":"https:\/\/ares-formation.com\/","url_meta":{"origin":2977,"position":1},"title":"Accueil","author":"admin9160","date":"31 juillet 2022","format":false,"excerpt":"COACHING DEC 100% EN LIGNE Pr\u00e9pare le DEC sans contrainte gr\u00e2ce \u00e0 des vid\u00e9os de coaching au format court, des permanences tous les mois, des lives et une newsletter.Besoin de plus ? R\u00e9serve une s\u00e9ance de coaching individuel ou une relecture notice \/ m\u00e9moire. Le DEC... Le DEC est particuli\u00e8rement\u2026","rel":"","context":"Article similaire","block_context":{"text":"Article similaire","link":""},"img":{"alt_text":"","src":"","width":0,"height":0},"classes":[]},{"id":3013,"url":"https:\/\/ares-formation.com\/index.php\/permanences\/","url_meta":{"origin":2977,"position":2},"title":"Permanences","author":"admin9160","date":"16 mai 2023","format":false,"excerpt":"Les permanences 2 fois \/ mois J'organise tous les mois 2 permanences pour r\u00e9pondre aux questions de chacun. Je propose toujours un cr\u00e9neau en semaine et un cr\u00e9neau le week-end pour que chacun puisse s'organiser. Il est obligatoire de s'inscrire pour participer \u00e0 la permanence qui se d\u00e9roulera en visio.\u00a0\u2026","rel":"","context":"Article similaire","block_context":{"text":"Article similaire","link":""},"img":{"alt_text":"","src":"","width":0,"height":0},"classes":[]},{"id":2901,"url":"https:\/\/ares-formation.com\/index.php\/conditions-generales-de-ventes\/","url_meta":{"origin":2977,"position":3},"title":"Conditions G\u00e9n\u00e9rales de Ventes et Certificat QUALIOPI","author":"admin9160","date":"11 mai 2023","format":false,"excerpt":"Certificat QUALIOPI valide jusqu'au 08\/12\/2023 Certificat QUALIOPI valide jusqu'au 07\/12\/2026 ARTICLE 1 - PRESENTATION D\u2019AR\u00c8S FORMATION\u00a0 1.1 La soci\u00e9t\u00e9 AR\u00c8S CONSEIL, Soci\u00e9t\u00e9 par Actions Simplifi\u00e9e au capital de 1 000 \u20ac, ayant son si\u00e8ge social au 244 Route de Seysses \u00e0 TOULOUSE (31100), immatricul\u00e9e aupr\u00e8s du RCS de TOULOUSE sous\u2026","rel":"","context":"Article similaire","block_context":{"text":"Article similaire","link":""},"img":{"alt_text":"","src":"","width":0,"height":0},"classes":[]},{"id":2565,"url":"https:\/\/ares-formation.com\/index.php\/lives\/","url_meta":{"origin":2977,"position":4},"title":"Lives &#038; Replays","author":"admin9160","date":"17 mars 2023","format":false,"excerpt":"Lives experts \u00a0J'organise r\u00e9guli\u00e8rement des lives sur des th\u00e8mes autour de l'expertise comptable, anim\u00e9 par des experts.Ouverts \u00e0 tous.Prochains lives \u00e0 venir... Lives DEC \u00a0J'organise r\u00e9guli\u00e8rement des lives sur des th\u00e8mes du DEC (sujet, notice, m\u00e9moire, soutenance, \u00e9crits). Depuis le 01\/01\/2025 les lives sont r\u00e9serv\u00e9s aux abonn\u00e9s de la plateforme\u2026","rel":"","context":"Article similaire","block_context":{"text":"Article similaire","link":""},"img":{"alt_text":"","src":"","width":0,"height":0},"classes":[]},{"id":2980,"url":"https:\/\/ares-formation.com\/index.php\/relectures\/","url_meta":{"origin":2977,"position":5},"title":"Relectures","author":"admin9160","date":"15 mai 2023","format":false,"excerpt":"Les relectures Depuis le 1er janvier 2024 les relectures sont r\u00e9serv\u00e9es en priorit\u00e9 aux abonn\u00e9s de la plateforme et notamment ceux qui ont souscrit \u00e0 un accompagnement comprenant une relecture. Demander une relecture Notice R\u00e9serv\u00e9 aux abonn\u00e9s en priorit\u00e9 Relecture du fond Revue de la forme Conformit\u00e9 note du jury\u2026","rel":"","context":"Article similaire","block_context":{"text":"Article similaire","link":""},"img":{"alt_text":"","src":"","width":0,"height":0},"classes":[]}],"jetpack_sharing_enabled":true,"_links":{"self":[{"href":"https:\/\/ares-formation.com\/index.php\/wp-json\/wp\/v2\/pages\/2977","targetHints":{"allow":["GET"]}}],"collection":[{"href":"https:\/\/ares-formation.com\/index.php\/wp-json\/wp\/v2\/pages"}],"about":[{"href":"https:\/\/ares-formation.com\/index.php\/wp-json\/wp\/v2\/types\/page"}],"author":[{"embeddable":true,"href":"https:\/\/ares-formation.com\/index.php\/wp-json\/wp\/v2\/users\/1"}],"replies":[{"embeddable":true,"href":"https:\/\/ares-formation.com\/index.php\/wp-json\/wp\/v2\/comments?post=2977"}],"version-history":[{"count":99,"href":"https:\/\/ares-formation.com\/index.php\/wp-json\/wp\/v2\/pages\/2977\/revisions"}],"predecessor-version":[{"id":5998,"href":"https:\/\/ares-formation.com\/index.php\/wp-json\/wp\/v2\/pages\/2977\/revisions\/5998"}],"wp:attachment":[{"href":"https:\/\/ares-formation.com\/index.php\/wp-json\/wp\/v2\/media?parent=2977"}],"curies":[{"name":"wp","href":"https:\/\/api.w.org\/{rel}","templated":true}]}}