{"id":3013,"date":"2023-05-16T10:46:16","date_gmt":"2023-05-16T08:46:16","guid":{"rendered":"https:\/\/ares-formation.com\/?page_id=3013"},"modified":"2026-04-03T09:56:57","modified_gmt":"2026-04-03T07:56:57","slug":"permanences","status":"publish","type":"page","link":"https:\/\/ares-formation.com\/index.php\/permanences\/","title":{"rendered":"Permanences"},"content":{"rendered":"\t\t<div data-elementor-type=\"wp-page\" data-elementor-id=\"3013\" class=\"elementor elementor-3013\" data-elementor-post-type=\"page\">\n\t\t\t\t\t\t<section class=\"elementor-section elementor-top-section elementor-element elementor-element-7bf44a3 elementor-section-boxed elementor-section-height-default elementor-section-height-default\" data-id=\"7bf44a3\" data-element_type=\"section\" data-e-type=\"section\">\n\t\t\t\t\t\t<div class=\"elementor-container elementor-column-gap-default\">\n\t\t\t\t\t<div class=\"elementor-column elementor-col-100 elementor-top-column elementor-element elementor-element-920c59a\" data-id=\"920c59a\" data-element_type=\"column\" data-e-type=\"column\">\n\t\t\t<div class=\"elementor-widget-wrap elementor-element-populated\">\n\t\t\t\t\t\t<div class=\"elementor-element elementor-element-95238cf elementor-widget-mobile__width-initial elementor-widget elementor-widget-heading\" data-id=\"95238cf\" data-element_type=\"widget\" data-e-type=\"widget\" data-widget_type=\"heading.default\">\n\t\t\t\t<div class=\"elementor-widget-container\">\n\t\t\t\t\t<h2 class=\"elementor-heading-title elementor-size-default\">Les permanences 2 fois \/ mois<\/h2>\t\t\t\t<\/div>\n\t\t\t\t<\/div>\n\t\t\t\t<div class=\"elementor-element elementor-element-da1b986 elementor-widget elementor-widget-text-editor\" data-id=\"da1b986\" data-element_type=\"widget\" data-e-type=\"widget\" data-widget_type=\"text-editor.default\">\n\t\t\t\t<div class=\"elementor-widget-container\">\n\t\t\t\t\t\t\t\t\t<p>J&rsquo;organise tous les mois 2 permanences pour r\u00e9pondre aux questions de chacun. Je propose toujours un cr\u00e9neau en semaine et un cr\u00e9neau le week-end pour que chacun puisse s&rsquo;organiser. Il est obligatoire de s&rsquo;inscrire pour participer \u00e0 la permanence qui se d\u00e9roulera en visio.&nbsp;<\/p>\t\t\t\t\t\t\t\t<\/div>\n\t\t\t\t<\/div>\n\t\t\t\t\t<\/div>\n\t\t<\/div>\n\t\t\t\t\t<\/div>\n\t\t<\/section>\n\t\t\t\t<section class=\"elementor-section elementor-top-section elementor-element elementor-element-3a8b6e4 elementor-section-boxed elementor-section-height-default elementor-section-height-default\" data-id=\"3a8b6e4\" data-element_type=\"section\" data-e-type=\"section\">\n\t\t\t\t\t\t<div class=\"elementor-container elementor-column-gap-default\">\n\t\t\t\t\t<div class=\"elementor-column elementor-col-100 elementor-top-column elementor-element elementor-element-f388d70\" data-id=\"f388d70\" data-element_type=\"column\" data-e-type=\"column\">\n\t\t\t<div class=\"elementor-widget-wrap elementor-element-populated\">\n\t\t\t\t\t\t<div class=\"elementor-element elementor-element-53cc337 elementor-widget elementor-widget-heading\" data-id=\"53cc337\" data-element_type=\"widget\" data-e-type=\"widget\" data-widget_type=\"heading.default\">\n\t\t\t\t<div class=\"elementor-widget-container\">\n\t\t\t\t\t<h2 class=\"elementor-heading-title elementor-size-default\">Permanences avril 2026<\/h2>\t\t\t\t<\/div>\n\t\t\t\t<\/div>\n\t\t\t\t<div class=\"elementor-element elementor-element-639f17e elementor-widget elementor-widget-html\" data-id=\"639f17e\" data-element_type=\"widget\" data-e-type=\"widget\" data-widget_type=\"html.default\">\n\t\t\t\t<div class=\"elementor-widget-container\">\n\t\t\t\t\t<a title=\"Vente de billets en ligne\" href=\"https:\/\/www.billetweb.fr\/shop.php?event=permanence-avril4\"  class=\"shop_frame\"  target=\"_blank\"  data-src=\"https:\/\/www.billetweb.fr\/shop.php?event=permanence-avril4\"  data-max-width=\"100%\"  data-initial-height=\"600\" data-scrolling=\"no\"  data-id=\"permanence-avril4\"  data-resize=\"1\">Vente de billets en ligne<\/a><script type=\"text\/javascript\" src=\"https:\/\/www.billetweb.fr\/js\/export.js\"><\/script>\t\t\t\t<\/div>\n\t\t\t\t<\/div>\n\t\t\t\t<div class=\"elementor-element elementor-element-adb622b elementor-widget elementor-widget-heading\" data-id=\"adb622b\" data-element_type=\"widget\" data-e-type=\"widget\" data-widget_type=\"heading.default\">\n\t\t\t\t<div class=\"elementor-widget-container\">\n\t\t\t\t\t<h2 class=\"elementor-heading-title elementor-size-default\">Permanences mai 2026<\/h2>\t\t\t\t<\/div>\n\t\t\t\t<\/div>\n\t\t\t\t<div class=\"elementor-element elementor-element-5bbfa76 elementor-widget elementor-widget-html\" data-id=\"5bbfa76\" data-element_type=\"widget\" data-e-type=\"widget\" data-widget_type=\"html.default\">\n\t\t\t\t<div class=\"elementor-widget-container\">\n\t\t\t\t\t<a title=\"Vente de billets en ligne\" href=\"https:\/\/www.billetweb.fr\/shop.php?event=permanence-mai1\"  class=\"shop_frame\"  target=\"_blank\"  data-src=\"https:\/\/www.billetweb.fr\/shop.php?event=permanence-mai1\"  data-max-width=\"100%\"  data-initial-height=\"600\" data-scrolling=\"no\"  data-id=\"permanence-mai1\"  data-resize=\"1\">Vente de billets en ligne<\/a><script type=\"text\/javascript\" src=\"https:\/\/www.billetweb.fr\/js\/export.js\"><\/script>\t\t\t\t<\/div>\n\t\t\t\t<\/div>\n\t\t\t\t<div class=\"elementor-element elementor-element-3cfef4e elementor-widget elementor-widget-html\" data-id=\"3cfef4e\" data-element_type=\"widget\" data-e-type=\"widget\" data-widget_type=\"html.default\">\n\t\t\t\t<div class=\"elementor-widget-container\">\n\t\t\t\t\t<a title=\"Vente de billets en ligne\" href=\"https:\/\/www.billetweb.fr\/shop.php?event=permanence-mai2\"  class=\"shop_frame\"  target=\"_blank\"  data-src=\"https:\/\/www.billetweb.fr\/shop.php?event=permanence-mai2\"  data-max-width=\"100%\"  data-initial-height=\"600\" data-scrolling=\"no\"  data-id=\"permanence-mai2\"  data-resize=\"1\">Vente de billets en ligne<\/a><script type=\"text\/javascript\" src=\"https:\/\/www.billetweb.fr\/js\/export.js\"><\/script>\t\t\t\t<\/div>\n\t\t\t\t<\/div>\n\t\t\t\t\t<\/div>\n\t\t<\/div>\n\t\t\t\t\t<\/div>\n\t\t<\/section>\n\t\t\t\t<section class=\"elementor-section elementor-top-section elementor-element elementor-element-6219ce76 elementor-section-content-middle elementor-section-boxed elementor-section-height-default elementor-section-height-default\" data-id=\"6219ce76\" data-element_type=\"section\" data-e-type=\"section\">\n\t\t\t\t\t\t<div class=\"elementor-container elementor-column-gap-no\">\n\t\t\t\t\t<div class=\"elementor-column elementor-col-100 elementor-top-column elementor-element elementor-element-4d5b310b\" data-id=\"4d5b310b\" data-element_type=\"column\" data-e-type=\"column\">\n\t\t\t<div class=\"elementor-widget-wrap elementor-element-populated\">\n\t\t\t\t\t\t<div class=\"elementor-element elementor-element-59a6bbf2 elementor-widget elementor-widget-heading\" data-id=\"59a6bbf2\" data-element_type=\"widget\" data-e-type=\"widget\" data-widget_type=\"heading.default\">\n\t\t\t\t<div class=\"elementor-widget-container\">\n\t\t\t\t\t<h4 class=\"elementor-heading-title elementor-size-default\">FAQ <\/h4>\t\t\t\t<\/div>\n\t\t\t\t<\/div>\n\t\t\t\t<div class=\"elementor-element elementor-element-22c40ed elementor-widget elementor-widget-toggle\" data-id=\"22c40ed\" data-element_type=\"widget\" data-e-type=\"widget\" data-widget_type=\"toggle.default\">\n\t\t\t\t<div class=\"elementor-widget-container\">\n\t\t\t\t\t\t\t<div class=\"elementor-toggle\">\n\t\t\t\t\t\t\t<div class=\"elementor-toggle-item\">\n\t\t\t\t\t<div id=\"elementor-tab-title-3641\" class=\"elementor-tab-title\" data-tab=\"1\" role=\"button\" aria-controls=\"elementor-tab-content-3641\" aria-expanded=\"false\">\n\t\t\t\t\t\t\t\t\t\t\t\t<span class=\"elementor-toggle-icon elementor-toggle-icon-right\" aria-hidden=\"true\">\n\t\t\t\t\t\t\t\t\t\t\t\t\t\t\t<span class=\"elementor-toggle-icon-closed\"><i class=\"fas fa-caret-right\"><\/i><\/span>\n\t\t\t\t\t\t\t\t<span class=\"elementor-toggle-icon-opened\"><i class=\"elementor-toggle-icon-opened fas fa-caret-up\"><\/i><\/span>\n\t\t\t\t\t\t\t\t\t\t\t\t\t<\/span>\n\t\t\t\t\t\t\t\t\t\t\t\t<a class=\"elementor-toggle-title\" tabindex=\"0\">Comment fonctionnent les permanences ?<\/a>\n\t\t\t\t\t<\/div>\n\n\t\t\t\t\t<div id=\"elementor-tab-content-3641\" class=\"elementor-tab-content elementor-clearfix\" data-tab=\"1\" role=\"region\" aria-labelledby=\"elementor-tab-title-3641\"><p>Pour participer \u00e0 une permanence il te suffit de cliquer sur le cr\u00e9neau qui te convient. Les permanences sont gratuites pour les abonn\u00e9s et limit\u00e9es en nombre de places. Tu recevras par mail le lien de connexion \u00e0 la visio TEAMS et j&rsquo;inviterai chacun \u00e0 poser ses questions. Attention, les permanences ne remplacent pas une s\u00e9ance pouss\u00e9e de coaching ou une relecture notice \/ m\u00e9moire.<\/p><\/div>\n\t\t\t\t<\/div>\n\t\t\t\t\t\t\t<div class=\"elementor-toggle-item\">\n\t\t\t\t\t<div id=\"elementor-tab-title-3642\" class=\"elementor-tab-title\" data-tab=\"2\" role=\"button\" aria-controls=\"elementor-tab-content-3642\" aria-expanded=\"false\">\n\t\t\t\t\t\t\t\t\t\t\t\t<span class=\"elementor-toggle-icon elementor-toggle-icon-right\" aria-hidden=\"true\">\n\t\t\t\t\t\t\t\t\t\t\t\t\t\t\t<span class=\"elementor-toggle-icon-closed\"><i class=\"fas fa-caret-right\"><\/i><\/span>\n\t\t\t\t\t\t\t\t<span class=\"elementor-toggle-icon-opened\"><i class=\"elementor-toggle-icon-opened fas fa-caret-up\"><\/i><\/span>\n\t\t\t\t\t\t\t\t\t\t\t\t\t<\/span>\n\t\t\t\t\t\t\t\t\t\t\t\t<a class=\"elementor-toggle-title\" tabindex=\"0\">Puis-je participer \u00e0 plusieurs permanences ?<\/a>\n\t\t\t\t\t<\/div>\n\n\t\t\t\t\t<div id=\"elementor-tab-content-3642\" class=\"elementor-tab-content elementor-clearfix\" data-tab=\"2\" role=\"region\" aria-labelledby=\"elementor-tab-title-3642\"><p>Oui, tu peux participer \u00e0 toutes les permanences dont tu as besoin dans la mesure o\u00f9 tu es inscrit.<\/p><\/div>\n\t\t\t\t<\/div>\n\t\t\t\t\t\t\t\t<\/div>\n\t\t\t\t\t\t<\/div>\n\t\t\t\t<\/div>\n\t\t\t\t\t<\/div>\n\t\t<\/div>\n\t\t\t\t\t<\/div>\n\t\t<\/section>\n\t\t\t\t<footer class=\"elementor-section elementor-top-section elementor-element elementor-element-719125af elementor-section-height-min-height elementor-section-content-middle elementor-section-full_width elementor-section-height-default elementor-section-items-middle\" data-id=\"719125af\" data-element_type=\"section\" data-e-type=\"section\" data-settings=\"{&quot;background_background&quot;:&quot;classic&quot;}\">\n\t\t\t\t\t\t<div class=\"elementor-container elementor-column-gap-no\">\n\t\t\t\t\t<div class=\"elementor-column elementor-col-100 elementor-top-column elementor-element elementor-element-fd7ddc3\" data-id=\"fd7ddc3\" data-element_type=\"column\" data-e-type=\"column\">\n\t\t\t<div class=\"elementor-widget-wrap elementor-element-populated\">\n\t\t\t\t\t\t<div class=\"elementor-element elementor-element-479d1c67 elementor-widget elementor-widget-heading\" data-id=\"479d1c67\" data-element_type=\"widget\" data-e-type=\"widget\" data-widget_type=\"heading.default\">\n\t\t\t\t<div class=\"elementor-widget-container\">\n\t\t\t\t\t<p class=\"elementor-heading-title elementor-size-default\">\u00a9 2026 All Rights Reserved.<\/p>\t\t\t\t<\/div>\n\t\t\t\t<\/div>\n\t\t\t\t\t<\/div>\n\t\t<\/div>\n\t\t\t\t\t<\/div>\n\t\t<\/footer>\n\t\t\t\t<\/div>\n\t\t","protected":false},"excerpt":{"rendered":"<p>Les permanences 2 fois \/ mois J&rsquo;organise tous les mois 2 permanences pour r\u00e9pondre aux questions de chacun. Je propose toujours un cr\u00e9neau en semaine et un cr\u00e9neau le week-end pour que chacun puisse s&rsquo;organiser. Il est obligatoire de s&rsquo;inscrire pour participer \u00e0 la permanence qui se d\u00e9roulera en visio.&nbsp; Permanences avril 2026 Vente de<\/p>\n<div><a class=\"btn-filled btn\" href=\"https:\/\/ares-formation.com\/index.php\/permanences\/\" title=\"Permanences\">Lire la suite<\/a><\/div>\n","protected":false},"author":1,"featured_media":0,"parent":0,"menu_order":2,"comment_status":"closed","ping_status":"closed","template":"","meta":{"_mi_skip_tracking":false,"_monsterinsights_sitenote_active":false,"_monsterinsights_sitenote_note":"","_monsterinsights_sitenote_category":0,"footnotes":""},"class_list":["post-3013","page","type-page","status-publish","hentry"],"yoast_head":"<!-- This site is optimized with the Yoast SEO plugin v27.4 - https:\/\/yoast.com\/product\/yoast-seo-wordpress\/ -->\n<title>Permanences - AR\u00c8S FORMATION<\/title>\n<meta name=\"robots\" content=\"index, follow, max-snippet:-1, max-image-preview:large, max-video-preview:-1\" \/>\n<link rel=\"canonical\" href=\"https:\/\/ares-formation.com\/index.php\/permanences\/\" \/>\n<meta property=\"og:locale\" content=\"fr_FR\" \/>\n<meta property=\"og:type\" content=\"article\" \/>\n<meta property=\"og:title\" content=\"Permanences - AR\u00c8S FORMATION\" \/>\n<meta property=\"og:description\" content=\"Les permanences 2 fois \/ mois J&rsquo;organise tous les mois 2 permanences pour r\u00e9pondre aux questions de chacun. Je propose toujours un cr\u00e9neau en semaine et un cr\u00e9neau le week-end pour que chacun puisse s&rsquo;organiser. Il est obligatoire de s&rsquo;inscrire pour participer \u00e0 la permanence qui se d\u00e9roulera en visio.&nbsp; Permanences avril 2026 Vente deLire la suite\" \/>\n<meta property=\"og:url\" content=\"https:\/\/ares-formation.com\/index.php\/permanences\/\" \/>\n<meta property=\"og:site_name\" content=\"AR\u00c8S FORMATION\" \/>\n<meta property=\"article:publisher\" content=\"https:\/\/www.facebook.com\/ARS-Formation-120328344395623\" \/>\n<meta property=\"article:modified_time\" content=\"2026-04-03T07:56:57+00:00\" \/>\n<meta name=\"twitter:card\" content=\"summary_large_image\" \/>\n<meta name=\"twitter:label1\" content=\"Dur\u00e9e de lecture estim\u00e9e\" \/>\n\t<meta name=\"twitter:data1\" content=\"1 minute\" \/>\n<script type=\"application\/ld+json\" class=\"yoast-schema-graph\">{\"@context\":\"https:\\\/\\\/schema.org\",\"@graph\":[{\"@type\":\"WebPage\",\"@id\":\"https:\\\/\\\/ares-formation.com\\\/index.php\\\/permanences\\\/\",\"url\":\"https:\\\/\\\/ares-formation.com\\\/index.php\\\/permanences\\\/\",\"name\":\"Permanences - AR\u00c8S FORMATION\",\"isPartOf\":{\"@id\":\"https:\\\/\\\/ares-formation.com\\\/#website\"},\"datePublished\":\"2023-05-16T08:46:16+00:00\",\"dateModified\":\"2026-04-03T07:56:57+00:00\",\"breadcrumb\":{\"@id\":\"https:\\\/\\\/ares-formation.com\\\/index.php\\\/permanences\\\/#breadcrumb\"},\"inLanguage\":\"fr-FR\",\"potentialAction\":[{\"@type\":\"ReadAction\",\"target\":[\"https:\\\/\\\/ares-formation.com\\\/index.php\\\/permanences\\\/\"]}]},{\"@type\":\"BreadcrumbList\",\"@id\":\"https:\\\/\\\/ares-formation.com\\\/index.php\\\/permanences\\\/#breadcrumb\",\"itemListElement\":[{\"@type\":\"ListItem\",\"position\":1,\"name\":\"Accueil\",\"item\":\"https:\\\/\\\/ares-formation.com\\\/\"},{\"@type\":\"ListItem\",\"position\":2,\"name\":\"Permanences\"}]},{\"@type\":\"WebSite\",\"@id\":\"https:\\\/\\\/ares-formation.com\\\/#website\",\"url\":\"https:\\\/\\\/ares-formation.com\\\/\",\"name\":\"AR\u00c8S FORMATION\",\"description\":\"Plateforme de coaching DEC 100% en ligne.\",\"publisher\":{\"@id\":\"https:\\\/\\\/ares-formation.com\\\/#organization\"},\"potentialAction\":[{\"@type\":\"SearchAction\",\"target\":{\"@type\":\"EntryPoint\",\"urlTemplate\":\"https:\\\/\\\/ares-formation.com\\\/?s={search_term_string}\"},\"query-input\":{\"@type\":\"PropertyValueSpecification\",\"valueRequired\":true,\"valueName\":\"search_term_string\"}}],\"inLanguage\":\"fr-FR\"},{\"@type\":\"Organization\",\"@id\":\"https:\\\/\\\/ares-formation.com\\\/#organization\",\"name\":\"AR\u00c8S FORMATION\",\"url\":\"https:\\\/\\\/ares-formation.com\\\/\",\"logo\":{\"@type\":\"ImageObject\",\"inLanguage\":\"fr-FR\",\"@id\":\"https:\\\/\\\/ares-formation.com\\\/#\\\/schema\\\/logo\\\/image\\\/\",\"url\":\"https:\\\/\\\/i0.wp.com\\\/ares-formation.com\\\/wp-content\\\/uploads\\\/2022\\\/07\\\/cropped-Logo-cheval-uniquement-1.png?fit=500%2C500&ssl=1\",\"contentUrl\":\"https:\\\/\\\/i0.wp.com\\\/ares-formation.com\\\/wp-content\\\/uploads\\\/2022\\\/07\\\/cropped-Logo-cheval-uniquement-1.png?fit=500%2C500&ssl=1\",\"width\":500,\"height\":500,\"caption\":\"AR\u00c8S FORMATION\"},\"image\":{\"@id\":\"https:\\\/\\\/ares-formation.com\\\/#\\\/schema\\\/logo\\\/image\\\/\"},\"sameAs\":[\"https:\\\/\\\/www.facebook.com\\\/ARS-Formation-120328344395623\"]}]}<\/script>\n<!-- \/ Yoast SEO plugin. -->","yoast_head_json":{"title":"Permanences - AR\u00c8S FORMATION","robots":{"index":"index","follow":"follow","max-snippet":"max-snippet:-1","max-image-preview":"max-image-preview:large","max-video-preview":"max-video-preview:-1"},"canonical":"https:\/\/ares-formation.com\/index.php\/permanences\/","og_locale":"fr_FR","og_type":"article","og_title":"Permanences - AR\u00c8S FORMATION","og_description":"Les permanences 2 fois \/ mois J&rsquo;organise tous les mois 2 permanences pour r\u00e9pondre aux questions de chacun. Je propose toujours un cr\u00e9neau en semaine et un cr\u00e9neau le week-end pour que chacun puisse s&rsquo;organiser. Il est obligatoire de s&rsquo;inscrire pour participer \u00e0 la permanence qui se d\u00e9roulera en visio.&nbsp; Permanences avril 2026 Vente deLire la suite","og_url":"https:\/\/ares-formation.com\/index.php\/permanences\/","og_site_name":"AR\u00c8S FORMATION","article_publisher":"https:\/\/www.facebook.com\/ARS-Formation-120328344395623","article_modified_time":"2026-04-03T07:56:57+00:00","twitter_card":"summary_large_image","twitter_misc":{"Dur\u00e9e de lecture estim\u00e9e":"1 minute"},"schema":{"@context":"https:\/\/schema.org","@graph":[{"@type":"WebPage","@id":"https:\/\/ares-formation.com\/index.php\/permanences\/","url":"https:\/\/ares-formation.com\/index.php\/permanences\/","name":"Permanences - AR\u00c8S FORMATION","isPartOf":{"@id":"https:\/\/ares-formation.com\/#website"},"datePublished":"2023-05-16T08:46:16+00:00","dateModified":"2026-04-03T07:56:57+00:00","breadcrumb":{"@id":"https:\/\/ares-formation.com\/index.php\/permanences\/#breadcrumb"},"inLanguage":"fr-FR","potentialAction":[{"@type":"ReadAction","target":["https:\/\/ares-formation.com\/index.php\/permanences\/"]}]},{"@type":"BreadcrumbList","@id":"https:\/\/ares-formation.com\/index.php\/permanences\/#breadcrumb","itemListElement":[{"@type":"ListItem","position":1,"name":"Accueil","item":"https:\/\/ares-formation.com\/"},{"@type":"ListItem","position":2,"name":"Permanences"}]},{"@type":"WebSite","@id":"https:\/\/ares-formation.com\/#website","url":"https:\/\/ares-formation.com\/","name":"AR\u00c8S FORMATION","description":"Plateforme de coaching DEC 100% en ligne.","publisher":{"@id":"https:\/\/ares-formation.com\/#organization"},"potentialAction":[{"@type":"SearchAction","target":{"@type":"EntryPoint","urlTemplate":"https:\/\/ares-formation.com\/?s={search_term_string}"},"query-input":{"@type":"PropertyValueSpecification","valueRequired":true,"valueName":"search_term_string"}}],"inLanguage":"fr-FR"},{"@type":"Organization","@id":"https:\/\/ares-formation.com\/#organization","name":"AR\u00c8S FORMATION","url":"https:\/\/ares-formation.com\/","logo":{"@type":"ImageObject","inLanguage":"fr-FR","@id":"https:\/\/ares-formation.com\/#\/schema\/logo\/image\/","url":"https:\/\/i0.wp.com\/ares-formation.com\/wp-content\/uploads\/2022\/07\/cropped-Logo-cheval-uniquement-1.png?fit=500%2C500&ssl=1","contentUrl":"https:\/\/i0.wp.com\/ares-formation.com\/wp-content\/uploads\/2022\/07\/cropped-Logo-cheval-uniquement-1.png?fit=500%2C500&ssl=1","width":500,"height":500,"caption":"AR\u00c8S FORMATION"},"image":{"@id":"https:\/\/ares-formation.com\/#\/schema\/logo\/image\/"},"sameAs":["https:\/\/www.facebook.com\/ARS-Formation-120328344395623"]}]}},"jetpack-related-posts":[{"id":1474,"url":"https:\/\/ares-formation.com\/","url_meta":{"origin":3013,"position":0},"title":"Accueil","author":"admin9160","date":"31 juillet 2022","format":false,"excerpt":"COACHING DEC 100% EN LIGNE Pr\u00e9pare le DEC sans contrainte gr\u00e2ce \u00e0 des vid\u00e9os de coaching au format court, des permanences tous les mois, des lives et une newsletter.Besoin de plus ? R\u00e9serve une s\u00e9ance de coaching individuel ou une relecture notice \/ m\u00e9moire. Le DEC... Le DEC est particuli\u00e8rement\u2026","rel":"","context":"Article similaire","block_context":{"text":"Article similaire","link":""},"img":{"alt_text":"","src":"","width":0,"height":0},"classes":[]},{"id":5,"url":"https:\/\/ares-formation.com\/index.php\/membership-join\/","url_meta":{"origin":3013,"position":1},"title":"Tarifs","author":"admin9160","date":"10 juillet 2022","format":false,"excerpt":"L' abonnement \u00e0 la plateforme Les prestations sont \u00e9ligibles au financement\u00a0CPF et OPCO. Contacte-moi pour les modalit\u00e9s de paiement.Cabinets d'expertise-comptable ? Contactez-moi pour les offres multi-licences.\u00a0 Me contacter pour un financement CPF \/ OPCO Abonnement annuel 49 90 \/ mois \u20ac Engagement minimum 12 mois Abonnement semestriel 69 90 \/\u2026","rel":"","context":"Article similaire","block_context":{"text":"Article similaire","link":""},"img":{"alt_text":"","src":"","width":0,"height":0},"classes":[]},{"id":2977,"url":"https:\/\/ares-formation.com\/index.php\/seances-individuelles\/","url_meta":{"origin":3013,"position":2},"title":"Coaching individuel \/ Calendly","author":"admin9160","date":"15 mai 2023","format":false,"excerpt":"Coaching individuel Depuis le 1er janvier 2024 les cr\u00e9neaux de coaching individuels sont r\u00e9serv\u00e9s aux abonn\u00e9s de la plateforme. Tu peux r\u00e9server une ou plusieurs s\u00e9ances de coaching individuel d'une dur\u00e9e d'1h \/1h30. Cette s\u00e9ance te permettra d'\u00e9changer avec moi sur plusieurs points pr\u00e9cis comme : la validation de ton\u2026","rel":"","context":"Article similaire","block_context":{"text":"Article similaire","link":""},"img":{"alt_text":"","src":"","width":0,"height":0},"classes":[]},{"id":2565,"url":"https:\/\/ares-formation.com\/index.php\/lives\/","url_meta":{"origin":3013,"position":3},"title":"Lives &#038; Replays","author":"admin9160","date":"17 mars 2023","format":false,"excerpt":"Lives experts \u00a0J'organise r\u00e9guli\u00e8rement des lives sur des th\u00e8mes autour de l'expertise comptable, anim\u00e9 par des experts.Ouverts \u00e0 tous.Prochains lives \u00e0 venir... Lives DEC \u00a0J'organise r\u00e9guli\u00e8rement des lives sur des th\u00e8mes du DEC (sujet, notice, m\u00e9moire, soutenance, \u00e9crits). Depuis le 01\/01\/2025 les lives sont r\u00e9serv\u00e9s aux abonn\u00e9s de la plateforme\u2026","rel":"","context":"Article similaire","block_context":{"text":"Article similaire","link":""},"img":{"alt_text":"","src":"","width":0,"height":0},"classes":[]},{"id":45,"url":"https:\/\/ares-formation.com\/index.php\/soutenance\/","url_meta":{"origin":3013,"position":4},"title":"Soutenance","author":"admin9160","date":"13 juillet 2022","format":false,"excerpt":"Articles Les conseils du pr\u00e9sident du jury du DEC et de la secr\u00e9taire p\u00e9dagogique La r\u00e8gle des 1\/60, ou comment une petite erreur peut te mener droit \u00e0 l\u2019\u00e9chec Bien commencer l'ann\u00e9e pour valider le DEC Concilier le DEC et la p\u00e9riode fiscale sans devenir fou : oui c\u2019est possible\u2026","rel":"","context":"Article similaire","block_context":{"text":"Article similaire","link":""},"img":{"alt_text":"","src":"","width":0,"height":0},"classes":[]},{"id":42,"url":"https:\/\/ares-formation.com\/index.php\/redaction-du-memoire\/","url_meta":{"origin":3013,"position":5},"title":"R\u00e9daction du m\u00e9moire","author":"admin9160","date":"13 juillet 2022","format":false,"excerpt":"Articles et autres ressources Nouvelle note du jury 08-07-2025 (\u00e0 lire !!) Les conseils du pr\u00e9sident du jury du DEC et de la secr\u00e9taire p\u00e9dagogique (\u00e0 lire !!) La r\u00e8gle des 1\/60, ou comment une petite erreur peut te mener droit \u00e0 l\u2019\u00e9chec Bien commencer l'ann\u00e9e pour valider le DEC\u2026","rel":"","context":"Article similaire","block_context":{"text":"Article similaire","link":""},"img":{"alt_text":"","src":"","width":0,"height":0},"classes":[]}],"jetpack_sharing_enabled":true,"_links":{"self":[{"href":"https:\/\/ares-formation.com\/index.php\/wp-json\/wp\/v2\/pages\/3013","targetHints":{"allow":["GET"]}}],"collection":[{"href":"https:\/\/ares-formation.com\/index.php\/wp-json\/wp\/v2\/pages"}],"about":[{"href":"https:\/\/ares-formation.com\/index.php\/wp-json\/wp\/v2\/types\/page"}],"author":[{"embeddable":true,"href":"https:\/\/ares-formation.com\/index.php\/wp-json\/wp\/v2\/users\/1"}],"replies":[{"embeddable":true,"href":"https:\/\/ares-formation.com\/index.php\/wp-json\/wp\/v2\/comments?post=3013"}],"version-history":[{"count":193,"href":"https:\/\/ares-formation.com\/index.php\/wp-json\/wp\/v2\/pages\/3013\/revisions"}],"predecessor-version":[{"id":5995,"href":"https:\/\/ares-formation.com\/index.php\/wp-json\/wp\/v2\/pages\/3013\/revisions\/5995"}],"wp:attachment":[{"href":"https:\/\/ares-formation.com\/index.php\/wp-json\/wp\/v2\/media?parent=3013"}],"curies":[{"name":"wp","href":"https:\/\/api.w.org\/{rel}","templated":true}]}}