{"id":4591,"date":"2023-07-31T09:34:01","date_gmt":"2023-07-31T07:34:01","guid":{"rendered":"https:\/\/ares-formation.com\/?page_id=4591"},"modified":"2026-03-17T21:03:29","modified_gmt":"2026-03-17T20:03:29","slug":"les-replays","status":"publish","type":"page","link":"https:\/\/ares-formation.com\/index.php\/les-replays\/","title":{"rendered":"Les Replays"},"content":{"rendered":"Cette page est r\u00e9serv\u00e9e aux abonn\u00e9s. Pour y acc\u00e9der <a href=\"https:\/\/ares-formation.com\/index.php\/membership-login\/\">Connecte toi<\/a> ou <a href=https:\/\/ares-formation.com\/index.php\/membership-join\/>Abonne toi !<\/a>.","protected":false},"excerpt":{"rendered":"<p>Cette page est r\u00e9serv\u00e9e aux abonn\u00e9s. Pour y acc\u00e9der Connecte toi ou Abonne toi !.<\/p>\n","protected":false},"author":1,"featured_media":0,"parent":0,"menu_order":0,"comment_status":"closed","ping_status":"closed","template":"","meta":{"_mi_skip_tracking":false,"_monsterinsights_sitenote_active":false,"_monsterinsights_sitenote_note":"","_monsterinsights_sitenote_category":0,"footnotes":""},"class_list":["post-4591","page","type-page","status-publish","hentry"],"yoast_head":"<!-- This site is optimized with the Yoast SEO plugin v27.4 - https:\/\/yoast.com\/product\/yoast-seo-wordpress\/ -->\n<title>Les Replays - AR\u00c8S FORMATION<\/title>\n<meta name=\"robots\" content=\"index, follow, max-snippet:-1, max-image-preview:large, max-video-preview:-1\" \/>\n<link rel=\"canonical\" href=\"https:\/\/ares-formation.com\/index.php\/les-replays\/\" \/>\n<meta property=\"og:locale\" content=\"fr_FR\" \/>\n<meta property=\"og:type\" content=\"article\" \/>\n<meta property=\"og:title\" content=\"Les Replays - AR\u00c8S FORMATION\" \/>\n<meta property=\"og:description\" content=\"Cette page est r\u00e9serv\u00e9e aux abonn\u00e9s. Pour y acc\u00e9der Connecte toi ou Abonne toi !.\" \/>\n<meta property=\"og:url\" content=\"https:\/\/ares-formation.com\/index.php\/les-replays\/\" \/>\n<meta property=\"og:site_name\" content=\"AR\u00c8S FORMATION\" \/>\n<meta property=\"article:publisher\" content=\"https:\/\/www.facebook.com\/ARS-Formation-120328344395623\" \/>\n<meta property=\"article:modified_time\" content=\"2026-03-17T20:03:29+00:00\" \/>\n<meta name=\"twitter:card\" content=\"summary_large_image\" \/>\n<meta name=\"twitter:label1\" content=\"Dur\u00e9e de lecture estim\u00e9e\" \/>\n\t<meta name=\"twitter:data1\" content=\"1 minute\" \/>\n<script type=\"application\/ld+json\" class=\"yoast-schema-graph\">{\"@context\":\"https:\\\/\\\/schema.org\",\"@graph\":[{\"@type\":\"WebPage\",\"@id\":\"https:\\\/\\\/ares-formation.com\\\/index.php\\\/les-replays\\\/\",\"url\":\"https:\\\/\\\/ares-formation.com\\\/index.php\\\/les-replays\\\/\",\"name\":\"Les Replays - AR\u00c8S FORMATION\",\"isPartOf\":{\"@id\":\"https:\\\/\\\/ares-formation.com\\\/#website\"},\"datePublished\":\"2023-07-31T07:34:01+00:00\",\"dateModified\":\"2026-03-17T20:03:29+00:00\",\"breadcrumb\":{\"@id\":\"https:\\\/\\\/ares-formation.com\\\/index.php\\\/les-replays\\\/#breadcrumb\"},\"inLanguage\":\"fr-FR\",\"potentialAction\":[{\"@type\":\"ReadAction\",\"target\":[\"https:\\\/\\\/ares-formation.com\\\/index.php\\\/les-replays\\\/\"]}]},{\"@type\":\"BreadcrumbList\",\"@id\":\"https:\\\/\\\/ares-formation.com\\\/index.php\\\/les-replays\\\/#breadcrumb\",\"itemListElement\":[{\"@type\":\"ListItem\",\"position\":1,\"name\":\"Accueil\",\"item\":\"https:\\\/\\\/ares-formation.com\\\/\"},{\"@type\":\"ListItem\",\"position\":2,\"name\":\"Les Replays\"}]},{\"@type\":\"WebSite\",\"@id\":\"https:\\\/\\\/ares-formation.com\\\/#website\",\"url\":\"https:\\\/\\\/ares-formation.com\\\/\",\"name\":\"AR\u00c8S FORMATION\",\"description\":\"Plateforme de coaching DEC 100% en ligne.\",\"publisher\":{\"@id\":\"https:\\\/\\\/ares-formation.com\\\/#organization\"},\"potentialAction\":[{\"@type\":\"SearchAction\",\"target\":{\"@type\":\"EntryPoint\",\"urlTemplate\":\"https:\\\/\\\/ares-formation.com\\\/?s={search_term_string}\"},\"query-input\":{\"@type\":\"PropertyValueSpecification\",\"valueRequired\":true,\"valueName\":\"search_term_string\"}}],\"inLanguage\":\"fr-FR\"},{\"@type\":\"Organization\",\"@id\":\"https:\\\/\\\/ares-formation.com\\\/#organization\",\"name\":\"AR\u00c8S FORMATION\",\"url\":\"https:\\\/\\\/ares-formation.com\\\/\",\"logo\":{\"@type\":\"ImageObject\",\"inLanguage\":\"fr-FR\",\"@id\":\"https:\\\/\\\/ares-formation.com\\\/#\\\/schema\\\/logo\\\/image\\\/\",\"url\":\"https:\\\/\\\/i0.wp.com\\\/ares-formation.com\\\/wp-content\\\/uploads\\\/2022\\\/07\\\/cropped-Logo-cheval-uniquement-1.png?fit=500%2C500&ssl=1\",\"contentUrl\":\"https:\\\/\\\/i0.wp.com\\\/ares-formation.com\\\/wp-content\\\/uploads\\\/2022\\\/07\\\/cropped-Logo-cheval-uniquement-1.png?fit=500%2C500&ssl=1\",\"width\":500,\"height\":500,\"caption\":\"AR\u00c8S FORMATION\"},\"image\":{\"@id\":\"https:\\\/\\\/ares-formation.com\\\/#\\\/schema\\\/logo\\\/image\\\/\"},\"sameAs\":[\"https:\\\/\\\/www.facebook.com\\\/ARS-Formation-120328344395623\"]}]}<\/script>\n<!-- \/ Yoast SEO plugin. -->","yoast_head_json":{"title":"Les Replays - AR\u00c8S FORMATION","robots":{"index":"index","follow":"follow","max-snippet":"max-snippet:-1","max-image-preview":"max-image-preview:large","max-video-preview":"max-video-preview:-1"},"canonical":"https:\/\/ares-formation.com\/index.php\/les-replays\/","og_locale":"fr_FR","og_type":"article","og_title":"Les Replays - AR\u00c8S FORMATION","og_description":"Cette page est r\u00e9serv\u00e9e aux abonn\u00e9s. Pour y acc\u00e9der Connecte toi ou Abonne toi !.","og_url":"https:\/\/ares-formation.com\/index.php\/les-replays\/","og_site_name":"AR\u00c8S FORMATION","article_publisher":"https:\/\/www.facebook.com\/ARS-Formation-120328344395623","article_modified_time":"2026-03-17T20:03:29+00:00","twitter_card":"summary_large_image","twitter_misc":{"Dur\u00e9e de lecture estim\u00e9e":"1 minute"},"schema":{"@context":"https:\/\/schema.org","@graph":[{"@type":"WebPage","@id":"https:\/\/ares-formation.com\/index.php\/les-replays\/","url":"https:\/\/ares-formation.com\/index.php\/les-replays\/","name":"Les Replays - AR\u00c8S FORMATION","isPartOf":{"@id":"https:\/\/ares-formation.com\/#website"},"datePublished":"2023-07-31T07:34:01+00:00","dateModified":"2026-03-17T20:03:29+00:00","breadcrumb":{"@id":"https:\/\/ares-formation.com\/index.php\/les-replays\/#breadcrumb"},"inLanguage":"fr-FR","potentialAction":[{"@type":"ReadAction","target":["https:\/\/ares-formation.com\/index.php\/les-replays\/"]}]},{"@type":"BreadcrumbList","@id":"https:\/\/ares-formation.com\/index.php\/les-replays\/#breadcrumb","itemListElement":[{"@type":"ListItem","position":1,"name":"Accueil","item":"https:\/\/ares-formation.com\/"},{"@type":"ListItem","position":2,"name":"Les Replays"}]},{"@type":"WebSite","@id":"https:\/\/ares-formation.com\/#website","url":"https:\/\/ares-formation.com\/","name":"AR\u00c8S FORMATION","description":"Plateforme de coaching DEC 100% en ligne.","publisher":{"@id":"https:\/\/ares-formation.com\/#organization"},"potentialAction":[{"@type":"SearchAction","target":{"@type":"EntryPoint","urlTemplate":"https:\/\/ares-formation.com\/?s={search_term_string}"},"query-input":{"@type":"PropertyValueSpecification","valueRequired":true,"valueName":"search_term_string"}}],"inLanguage":"fr-FR"},{"@type":"Organization","@id":"https:\/\/ares-formation.com\/#organization","name":"AR\u00c8S FORMATION","url":"https:\/\/ares-formation.com\/","logo":{"@type":"ImageObject","inLanguage":"fr-FR","@id":"https:\/\/ares-formation.com\/#\/schema\/logo\/image\/","url":"https:\/\/i0.wp.com\/ares-formation.com\/wp-content\/uploads\/2022\/07\/cropped-Logo-cheval-uniquement-1.png?fit=500%2C500&ssl=1","contentUrl":"https:\/\/i0.wp.com\/ares-formation.com\/wp-content\/uploads\/2022\/07\/cropped-Logo-cheval-uniquement-1.png?fit=500%2C500&ssl=1","width":500,"height":500,"caption":"AR\u00c8S FORMATION"},"image":{"@id":"https:\/\/ares-formation.com\/#\/schema\/logo\/image\/"},"sameAs":["https:\/\/www.facebook.com\/ARS-Formation-120328344395623"]}]}},"jetpack-related-posts":[{"id":38,"url":"https:\/\/ares-formation.com\/index.php\/notice\/","url_meta":{"origin":4591,"position":0},"title":"Notice","author":"admin9160","date":"13 juillet 2022","format":false,"excerpt":"Articles Nouvelle note du jury 08-07-2025 (\u00e0 lire !!) Les conseils du pr\u00e9sident du jury du DEC et de la secr\u00e9taire p\u00e9dagogique (\u00e0 lire !!) La r\u00e8gle des 1\/60, ou comment une petite erreur peut te mener droit \u00e0 l\u2019\u00e9chec Bien commencer l'ann\u00e9e pour valider le DEC Concilier le DEC\u2026","rel":"","context":"Article similaire","block_context":{"text":"Article similaire","link":""},"img":{"alt_text":"","src":"","width":0,"height":0},"classes":[]},{"id":2565,"url":"https:\/\/ares-formation.com\/index.php\/lives\/","url_meta":{"origin":4591,"position":1},"title":"Lives &#038; Replays","author":"admin9160","date":"17 mars 2023","format":false,"excerpt":"Lives experts \u00a0J'organise r\u00e9guli\u00e8rement des lives sur des th\u00e8mes autour de l'expertise comptable, anim\u00e9 par des experts.Ouverts \u00e0 tous.Prochains lives \u00e0 venir... Lives DEC \u00a0J'organise r\u00e9guli\u00e8rement des lives sur des th\u00e8mes du DEC (sujet, notice, m\u00e9moire, soutenance, \u00e9crits). Depuis le 01\/01\/2025 les lives sont r\u00e9serv\u00e9s aux abonn\u00e9s de la plateforme\u2026","rel":"","context":"Article similaire","block_context":{"text":"Article similaire","link":""},"img":{"alt_text":"","src":"","width":0,"height":0},"classes":[]},{"id":2992,"url":"https:\/\/ares-formation.com\/index.php\/sujet\/","url_meta":{"origin":4591,"position":2},"title":"Sujet","author":"admin9160","date":"15 mai 2023","format":false,"excerpt":"Articles et autres ressources Nouvelle note du jury 08-07-2025 Les conseils du pr\u00e9sident du jury du DEC et de la secr\u00e9taire p\u00e9dagogique La r\u00e8gle des 1\/60, ou comment une petite erreur peut te mener droit \u00e0 l\u2019\u00e9chec Bien commencer l'ann\u00e9e pour valider le DEC Concilier le DEC et la p\u00e9riode\u2026","rel":"","context":"Article similaire","block_context":{"text":"Article similaire","link":""},"img":{"alt_text":"","src":"","width":0,"height":0},"classes":[]},{"id":45,"url":"https:\/\/ares-formation.com\/index.php\/soutenance\/","url_meta":{"origin":4591,"position":3},"title":"Soutenance","author":"admin9160","date":"13 juillet 2022","format":false,"excerpt":"Articles Les conseils du pr\u00e9sident du jury du DEC et de la secr\u00e9taire p\u00e9dagogique La r\u00e8gle des 1\/60, ou comment une petite erreur peut te mener droit \u00e0 l\u2019\u00e9chec Bien commencer l'ann\u00e9e pour valider le DEC Concilier le DEC et la p\u00e9riode fiscale sans devenir fou : oui c\u2019est possible\u2026","rel":"","context":"Article similaire","block_context":{"text":"Article similaire","link":""},"img":{"alt_text":"","src":"","width":0,"height":0},"classes":[]},{"id":42,"url":"https:\/\/ares-formation.com\/index.php\/redaction-du-memoire\/","url_meta":{"origin":4591,"position":4},"title":"R\u00e9daction du m\u00e9moire","author":"admin9160","date":"13 juillet 2022","format":false,"excerpt":"Articles et autres ressources Nouvelle note du jury 08-07-2025 (\u00e0 lire !!) Les conseils du pr\u00e9sident du jury du DEC et de la secr\u00e9taire p\u00e9dagogique (\u00e0 lire !!) La r\u00e8gle des 1\/60, ou comment une petite erreur peut te mener droit \u00e0 l\u2019\u00e9chec Bien commencer l'ann\u00e9e pour valider le DEC\u2026","rel":"","context":"Article similaire","block_context":{"text":"Article similaire","link":""},"img":{"alt_text":"","src":"","width":0,"height":0},"classes":[]},{"id":51,"url":"https:\/\/ares-formation.com\/index.php\/deontologie\/","url_meta":{"origin":4591,"position":5},"title":"D\u00e9ontologie","author":"admin9160","date":"13 juillet 2022","format":false,"excerpt":"Coaching vid\u00e9o INTRODUCTION https:\/\/videos.files.wordpress.com\/KjXvNw7r\/compressed-d1-deonto-intro.mp4Je t'indique tout ce qu'il est important que tu saches avant de te lancer dans la pr\u00e9paration de l'\u00e9preuve de d\u00e9ontologie, notamment les diff\u00e9rentes formes de l'\u00e9preuve, les types de questions possibles et les statistiques de r\u00e9ussite. PR\u00c9PARATION EFFICACE DE L'UE 1 https:\/\/videos.files.wordpress.com\/2ee2P32W\/compressed-d2-deonto-preparation.mp4Je te donne tous mes\u2026","rel":"","context":"Article similaire","block_context":{"text":"Article similaire","link":""},"img":{"alt_text":"","src":"","width":0,"height":0},"classes":[]}],"jetpack_sharing_enabled":true,"_links":{"self":[{"href":"https:\/\/ares-formation.com\/index.php\/wp-json\/wp\/v2\/pages\/4591","targetHints":{"allow":["GET"]}}],"collection":[{"href":"https:\/\/ares-formation.com\/index.php\/wp-json\/wp\/v2\/pages"}],"about":[{"href":"https:\/\/ares-formation.com\/index.php\/wp-json\/wp\/v2\/types\/page"}],"author":[{"embeddable":true,"href":"https:\/\/ares-formation.com\/index.php\/wp-json\/wp\/v2\/users\/1"}],"replies":[{"embeddable":true,"href":"https:\/\/ares-formation.com\/index.php\/wp-json\/wp\/v2\/comments?post=4591"}],"version-history":[{"count":112,"href":"https:\/\/ares-formation.com\/index.php\/wp-json\/wp\/v2\/pages\/4591\/revisions"}],"predecessor-version":[{"id":5987,"href":"https:\/\/ares-formation.com\/index.php\/wp-json\/wp\/v2\/pages\/4591\/revisions\/5987"}],"wp:attachment":[{"href":"https:\/\/ares-formation.com\/index.php\/wp-json\/wp\/v2\/media?parent=4591"}],"curies":[{"name":"wp","href":"https:\/\/api.w.org\/{rel}","templated":true}]}}