{"id":51,"date":"2022-07-13T15:12:50","date_gmt":"2022-07-13T13:12:50","guid":{"rendered":"https:\/\/ares-formation.com\/?page_id=51"},"modified":"2025-09-21T11:41:12","modified_gmt":"2025-09-21T09:41:12","slug":"deontologie","status":"publish","type":"page","link":"https:\/\/ares-formation.com\/index.php\/deontologie\/","title":{"rendered":"D\u00e9ontologie"},"content":{"rendered":"Cette page est r\u00e9serv\u00e9e aux abonn\u00e9s. Pour y acc\u00e9der <a href=\"https:\/\/ares-formation.com\/index.php\/membership-login\/\">Connecte toi<\/a> ou <a href=https:\/\/ares-formation.com\/index.php\/membership-join\/>Abonne toi !<\/a>.","protected":false},"excerpt":{"rendered":"<p>Cette page est r\u00e9serv\u00e9e aux abonn\u00e9s. Pour y acc\u00e9der Connecte toi ou Abonne toi !.<\/p>\n","protected":false},"author":1,"featured_media":0,"parent":0,"menu_order":2,"comment_status":"closed","ping_status":"closed","template":"","meta":{"_mi_skip_tracking":false,"_monsterinsights_sitenote_active":false,"_monsterinsights_sitenote_note":"","_monsterinsights_sitenote_category":0,"footnotes":""},"class_list":["post-51","page","type-page","status-publish","hentry"],"yoast_head":"<!-- This site is optimized with the Yoast SEO plugin v27.4 - https:\/\/yoast.com\/product\/yoast-seo-wordpress\/ -->\n<title>D\u00e9ontologie - AR\u00c8S FORMATION<\/title>\n<meta name=\"robots\" content=\"index, follow, max-snippet:-1, max-image-preview:large, max-video-preview:-1\" \/>\n<link rel=\"canonical\" href=\"https:\/\/ares-formation.com\/index.php\/deontologie\/\" \/>\n<meta property=\"og:locale\" content=\"fr_FR\" \/>\n<meta property=\"og:type\" content=\"article\" \/>\n<meta property=\"og:title\" content=\"D\u00e9ontologie - AR\u00c8S FORMATION\" \/>\n<meta property=\"og:description\" content=\"Cette page est r\u00e9serv\u00e9e aux abonn\u00e9s. Pour y acc\u00e9der Connecte toi ou Abonne toi !.\" \/>\n<meta property=\"og:url\" content=\"https:\/\/ares-formation.com\/index.php\/deontologie\/\" \/>\n<meta property=\"og:site_name\" content=\"AR\u00c8S FORMATION\" \/>\n<meta property=\"article:publisher\" content=\"https:\/\/www.facebook.com\/ARS-Formation-120328344395623\" \/>\n<meta property=\"article:modified_time\" content=\"2025-09-21T09:41:12+00:00\" \/>\n<meta name=\"twitter:card\" content=\"summary_large_image\" \/>\n<meta name=\"twitter:label1\" content=\"Dur\u00e9e de lecture estim\u00e9e\" \/>\n\t<meta name=\"twitter:data1\" content=\"1 minute\" \/>\n<script type=\"application\/ld+json\" class=\"yoast-schema-graph\">{\"@context\":\"https:\\\/\\\/schema.org\",\"@graph\":[{\"@type\":\"WebPage\",\"@id\":\"https:\\\/\\\/ares-formation.com\\\/index.php\\\/deontologie\\\/\",\"url\":\"https:\\\/\\\/ares-formation.com\\\/index.php\\\/deontologie\\\/\",\"name\":\"D\u00e9ontologie - AR\u00c8S FORMATION\",\"isPartOf\":{\"@id\":\"https:\\\/\\\/ares-formation.com\\\/#website\"},\"datePublished\":\"2022-07-13T13:12:50+00:00\",\"dateModified\":\"2025-09-21T09:41:12+00:00\",\"breadcrumb\":{\"@id\":\"https:\\\/\\\/ares-formation.com\\\/index.php\\\/deontologie\\\/#breadcrumb\"},\"inLanguage\":\"fr-FR\",\"potentialAction\":[{\"@type\":\"ReadAction\",\"target\":[\"https:\\\/\\\/ares-formation.com\\\/index.php\\\/deontologie\\\/\"]}]},{\"@type\":\"BreadcrumbList\",\"@id\":\"https:\\\/\\\/ares-formation.com\\\/index.php\\\/deontologie\\\/#breadcrumb\",\"itemListElement\":[{\"@type\":\"ListItem\",\"position\":1,\"name\":\"Accueil\",\"item\":\"https:\\\/\\\/ares-formation.com\\\/\"},{\"@type\":\"ListItem\",\"position\":2,\"name\":\"D\u00e9ontologie\"}]},{\"@type\":\"WebSite\",\"@id\":\"https:\\\/\\\/ares-formation.com\\\/#website\",\"url\":\"https:\\\/\\\/ares-formation.com\\\/\",\"name\":\"AR\u00c8S FORMATION\",\"description\":\"Plateforme de coaching DEC 100% en ligne.\",\"publisher\":{\"@id\":\"https:\\\/\\\/ares-formation.com\\\/#organization\"},\"potentialAction\":[{\"@type\":\"SearchAction\",\"target\":{\"@type\":\"EntryPoint\",\"urlTemplate\":\"https:\\\/\\\/ares-formation.com\\\/?s={search_term_string}\"},\"query-input\":{\"@type\":\"PropertyValueSpecification\",\"valueRequired\":true,\"valueName\":\"search_term_string\"}}],\"inLanguage\":\"fr-FR\"},{\"@type\":\"Organization\",\"@id\":\"https:\\\/\\\/ares-formation.com\\\/#organization\",\"name\":\"AR\u00c8S FORMATION\",\"url\":\"https:\\\/\\\/ares-formation.com\\\/\",\"logo\":{\"@type\":\"ImageObject\",\"inLanguage\":\"fr-FR\",\"@id\":\"https:\\\/\\\/ares-formation.com\\\/#\\\/schema\\\/logo\\\/image\\\/\",\"url\":\"https:\\\/\\\/i0.wp.com\\\/ares-formation.com\\\/wp-content\\\/uploads\\\/2022\\\/07\\\/cropped-Logo-cheval-uniquement-1.png?fit=500%2C500&ssl=1\",\"contentUrl\":\"https:\\\/\\\/i0.wp.com\\\/ares-formation.com\\\/wp-content\\\/uploads\\\/2022\\\/07\\\/cropped-Logo-cheval-uniquement-1.png?fit=500%2C500&ssl=1\",\"width\":500,\"height\":500,\"caption\":\"AR\u00c8S FORMATION\"},\"image\":{\"@id\":\"https:\\\/\\\/ares-formation.com\\\/#\\\/schema\\\/logo\\\/image\\\/\"},\"sameAs\":[\"https:\\\/\\\/www.facebook.com\\\/ARS-Formation-120328344395623\"]}]}<\/script>\n<!-- \/ Yoast SEO plugin. -->","yoast_head_json":{"title":"D\u00e9ontologie - AR\u00c8S FORMATION","robots":{"index":"index","follow":"follow","max-snippet":"max-snippet:-1","max-image-preview":"max-image-preview:large","max-video-preview":"max-video-preview:-1"},"canonical":"https:\/\/ares-formation.com\/index.php\/deontologie\/","og_locale":"fr_FR","og_type":"article","og_title":"D\u00e9ontologie - AR\u00c8S FORMATION","og_description":"Cette page est r\u00e9serv\u00e9e aux abonn\u00e9s. Pour y acc\u00e9der Connecte toi ou Abonne toi !.","og_url":"https:\/\/ares-formation.com\/index.php\/deontologie\/","og_site_name":"AR\u00c8S FORMATION","article_publisher":"https:\/\/www.facebook.com\/ARS-Formation-120328344395623","article_modified_time":"2025-09-21T09:41:12+00:00","twitter_card":"summary_large_image","twitter_misc":{"Dur\u00e9e de lecture estim\u00e9e":"1 minute"},"schema":{"@context":"https:\/\/schema.org","@graph":[{"@type":"WebPage","@id":"https:\/\/ares-formation.com\/index.php\/deontologie\/","url":"https:\/\/ares-formation.com\/index.php\/deontologie\/","name":"D\u00e9ontologie - AR\u00c8S FORMATION","isPartOf":{"@id":"https:\/\/ares-formation.com\/#website"},"datePublished":"2022-07-13T13:12:50+00:00","dateModified":"2025-09-21T09:41:12+00:00","breadcrumb":{"@id":"https:\/\/ares-formation.com\/index.php\/deontologie\/#breadcrumb"},"inLanguage":"fr-FR","potentialAction":[{"@type":"ReadAction","target":["https:\/\/ares-formation.com\/index.php\/deontologie\/"]}]},{"@type":"BreadcrumbList","@id":"https:\/\/ares-formation.com\/index.php\/deontologie\/#breadcrumb","itemListElement":[{"@type":"ListItem","position":1,"name":"Accueil","item":"https:\/\/ares-formation.com\/"},{"@type":"ListItem","position":2,"name":"D\u00e9ontologie"}]},{"@type":"WebSite","@id":"https:\/\/ares-formation.com\/#website","url":"https:\/\/ares-formation.com\/","name":"AR\u00c8S FORMATION","description":"Plateforme de coaching DEC 100% en ligne.","publisher":{"@id":"https:\/\/ares-formation.com\/#organization"},"potentialAction":[{"@type":"SearchAction","target":{"@type":"EntryPoint","urlTemplate":"https:\/\/ares-formation.com\/?s={search_term_string}"},"query-input":{"@type":"PropertyValueSpecification","valueRequired":true,"valueName":"search_term_string"}}],"inLanguage":"fr-FR"},{"@type":"Organization","@id":"https:\/\/ares-formation.com\/#organization","name":"AR\u00c8S FORMATION","url":"https:\/\/ares-formation.com\/","logo":{"@type":"ImageObject","inLanguage":"fr-FR","@id":"https:\/\/ares-formation.com\/#\/schema\/logo\/image\/","url":"https:\/\/i0.wp.com\/ares-formation.com\/wp-content\/uploads\/2022\/07\/cropped-Logo-cheval-uniquement-1.png?fit=500%2C500&ssl=1","contentUrl":"https:\/\/i0.wp.com\/ares-formation.com\/wp-content\/uploads\/2022\/07\/cropped-Logo-cheval-uniquement-1.png?fit=500%2C500&ssl=1","width":500,"height":500,"caption":"AR\u00c8S FORMATION"},"image":{"@id":"https:\/\/ares-formation.com\/#\/schema\/logo\/image\/"},"sameAs":["https:\/\/www.facebook.com\/ARS-Formation-120328344395623"]}]}},"jetpack-related-posts":[{"id":54,"url":"https:\/\/ares-formation.com\/index.php\/revision-legale\/","url_meta":{"origin":51,"position":0},"title":"R\u00e9vision l\u00e9gale","author":"admin9160","date":"13 juillet 2022","format":false,"excerpt":"Coaching vid\u00e9o INTRODUCTION https:\/\/videos.files.wordpress.com\/zW4dH9fe\/compressed-r1-revision-intro.mp4Je t'indique tout ce qu'il est important que tu saches avant de te lancer dans la pr\u00e9paration de l'\u00e9preuve de r\u00e9vision l\u00e9gale et contractuelle. CONSTITUER UNE BONNE DOC' https:\/\/videos.files.wordpress.com\/8wBMkhsK\/compressed-r2-revision-presentation.mp4Je te donne mes conseils sur la pr\u00e9paration de ta documentation, \u00e0 la fois en expertise comptable mais \u00e9galement\u2026","rel":"","context":"Article similaire","block_context":{"text":"Article similaire","link":""},"img":{"alt_text":"","src":"","width":0,"height":0},"classes":[]},{"id":45,"url":"https:\/\/ares-formation.com\/index.php\/soutenance\/","url_meta":{"origin":51,"position":1},"title":"Soutenance","author":"admin9160","date":"13 juillet 2022","format":false,"excerpt":"Articles Les conseils du pr\u00e9sident du jury du DEC et de la secr\u00e9taire p\u00e9dagogique La r\u00e8gle des 1\/60, ou comment une petite erreur peut te mener droit \u00e0 l\u2019\u00e9chec Bien commencer l'ann\u00e9e pour valider le DEC Concilier le DEC et la p\u00e9riode fiscale sans devenir fou : oui c\u2019est possible\u2026","rel":"","context":"Article similaire","block_context":{"text":"Article similaire","link":""},"img":{"alt_text":"","src":"","width":0,"height":0},"classes":[]},{"id":42,"url":"https:\/\/ares-formation.com\/index.php\/redaction-du-memoire\/","url_meta":{"origin":51,"position":2},"title":"R\u00e9daction du m\u00e9moire","author":"admin9160","date":"13 juillet 2022","format":false,"excerpt":"Articles et autres ressources Nouvelle note du jury 08-07-2025 (\u00e0 lire !!) Les conseils du pr\u00e9sident du jury du DEC et de la secr\u00e9taire p\u00e9dagogique (\u00e0 lire !!) La r\u00e8gle des 1\/60, ou comment une petite erreur peut te mener droit \u00e0 l\u2019\u00e9chec Bien commencer l'ann\u00e9e pour valider le DEC\u2026","rel":"","context":"Article similaire","block_context":{"text":"Article similaire","link":""},"img":{"alt_text":"","src":"","width":0,"height":0},"classes":[]},{"id":2992,"url":"https:\/\/ares-formation.com\/index.php\/sujet\/","url_meta":{"origin":51,"position":3},"title":"Sujet","author":"admin9160","date":"15 mai 2023","format":false,"excerpt":"Articles et autres ressources Nouvelle note du jury 08-07-2025 Les conseils du pr\u00e9sident du jury du DEC et de la secr\u00e9taire p\u00e9dagogique La r\u00e8gle des 1\/60, ou comment une petite erreur peut te mener droit \u00e0 l\u2019\u00e9chec Bien commencer l'ann\u00e9e pour valider le DEC Concilier le DEC et la p\u00e9riode\u2026","rel":"","context":"Article similaire","block_context":{"text":"Article similaire","link":""},"img":{"alt_text":"","src":"","width":0,"height":0},"classes":[]},{"id":38,"url":"https:\/\/ares-formation.com\/index.php\/notice\/","url_meta":{"origin":51,"position":4},"title":"Notice","author":"admin9160","date":"13 juillet 2022","format":false,"excerpt":"Articles Nouvelle note du jury 08-07-2025 (\u00e0 lire !!) Les conseils du pr\u00e9sident du jury du DEC et de la secr\u00e9taire p\u00e9dagogique (\u00e0 lire !!) La r\u00e8gle des 1\/60, ou comment une petite erreur peut te mener droit \u00e0 l\u2019\u00e9chec Bien commencer l'ann\u00e9e pour valider le DEC Concilier le DEC\u2026","rel":"","context":"Article similaire","block_context":{"text":"Article similaire","link":""},"img":{"alt_text":"","src":"","width":0,"height":0},"classes":[]},{"id":4591,"url":"https:\/\/ares-formation.com\/index.php\/les-replays\/","url_meta":{"origin":51,"position":5},"title":"Les Replays","author":"admin9160","date":"31 juillet 2023","format":false,"excerpt":"Les Replays Conseils r\u00e9daction m\u00e9moire https:\/\/videos.files.wordpress.com\/FMF31tBN\/live-conseils-redaction-memoire-2025-12-07.mp4Replay du 07-12-2025\u00a0 Pr\u00e9paration de la soutenance https:\/\/videos.files.wordpress.com\/HCVXDHsj\/live-preparation-soutenance-2026-03-08.mp4Replay du 08-03-2026 Conseils r\u00e9daction de la notice https:\/\/videos.files.wordpress.com\/ZGDBU2Tu\/live-redaction-notice-2026-03-15.mp4Replay du 15-03-2026\u00a0 Pr\u00e9paration des \u00e9crits https:\/\/videos.files.wordpress.com\/16VSApFD\/live-preparer-efficacement-les-ecrits-2025-09-21.mp4Replay du 21-09-2025","rel":"","context":"Article similaire","block_context":{"text":"Article similaire","link":""},"img":{"alt_text":"","src":"","width":0,"height":0},"classes":[]}],"jetpack_sharing_enabled":true,"_links":{"self":[{"href":"https:\/\/ares-formation.com\/index.php\/wp-json\/wp\/v2\/pages\/51","targetHints":{"allow":["GET"]}}],"collection":[{"href":"https:\/\/ares-formation.com\/index.php\/wp-json\/wp\/v2\/pages"}],"about":[{"href":"https:\/\/ares-formation.com\/index.php\/wp-json\/wp\/v2\/types\/page"}],"author":[{"embeddable":true,"href":"https:\/\/ares-formation.com\/index.php\/wp-json\/wp\/v2\/users\/1"}],"replies":[{"embeddable":true,"href":"https:\/\/ares-formation.com\/index.php\/wp-json\/wp\/v2\/comments?post=51"}],"version-history":[{"count":80,"href":"https:\/\/ares-formation.com\/index.php\/wp-json\/wp\/v2\/pages\/51\/revisions"}],"predecessor-version":[{"id":5797,"href":"https:\/\/ares-formation.com\/index.php\/wp-json\/wp\/v2\/pages\/51\/revisions\/5797"}],"wp:attachment":[{"href":"https:\/\/ares-formation.com\/index.php\/wp-json\/wp\/v2\/media?parent=51"}],"curies":[{"name":"wp","href":"https:\/\/api.w.org\/{rel}","templated":true}]}}