{"id":9,"date":"2022-07-10T11:34:42","date_gmt":"2022-07-10T09:34:42","guid":{"rendered":"http:\/\/ares-formation.com\/index.php\/membership-login\/password-reset\/"},"modified":"2023-05-27T15:03:00","modified_gmt":"2023-05-27T13:03:00","slug":"password-reset","status":"publish","type":"page","link":"https:\/\/ares-formation.com\/index.php\/membership-login\/password-reset\/","title":{"rendered":"R\u00e9initialisation du mot de passe"},"content":{"rendered":"<div class=\"swpm-pw-reset-widget-form\">\n    <form id=\"swpm-pw-reset-form\" name=\"swpm-reset-form\" method=\"post\" action=\"\">\n        <div class=\"swpm-pw-reset-widget-inside\">\n            <div class=\"swpm-pw-reset-email swpm-margin-top-10\">\n                <label for=\"swpm_reset_email\" class=\"swpm_label swpm-pw-reset-email-label\">Adresse e-mail<\/label>\n            <\/div>\n            <div class=\"swpm-pw-reset-email-input swpm-margin-top-10\">\n                <input type=\"text\" name=\"swpm_reset_email\" class=\"swpm-text-field swpm-pw-reset-text\" id=\"swpm_reset_email\"  value=\"\" size=\"30\" \/>\n            <\/div>\n            <div class=\"swpm-before-login-submit-section\"><\/div>\n            <div class=\"swpm-pw-reset-submit-button\">\n                <input type=\"submit\" name=\"swpm-reset\" class=\"swpm-pw-reset-submit\" value=\"R\u00e9initialiser le mot de passe\" \/>\n            <\/div>\n        <\/div>\n    <\/form>\n<\/div>\n<div class=\"swpm_pass_reset_processing_msg_section\">\n    <p id=\"swpm_pass_reset_processing_msg\" hidden=\"hidden\">\n        Processing password reset request...    <\/p>\n<\/div>\n<script>\n  document.getElementById(\"swpm-pw-reset-form\").addEventListener(\"submit\", function() {\n  let p = document.getElementById('swpm_pass_reset_processing_msg');\n    p.removeAttribute(\"hidden\");\n  });\n<\/script>\n\n","protected":false},"excerpt":{"rendered":"","protected":false},"author":1,"featured_media":0,"parent":7,"menu_order":0,"comment_status":"closed","ping_status":"closed","template":"","meta":{"_mi_skip_tracking":false,"_monsterinsights_sitenote_active":false,"_monsterinsights_sitenote_note":"","_monsterinsights_sitenote_category":0,"footnotes":""},"class_list":["post-9","page","type-page","status-publish","hentry"],"yoast_head":"<!-- This site is optimized with the Yoast SEO plugin v27.4 - https:\/\/yoast.com\/product\/yoast-seo-wordpress\/ -->\n<title>R\u00e9initialisation du mot de passe - AR\u00c8S FORMATION<\/title>\n<meta name=\"robots\" content=\"index, follow, max-snippet:-1, max-image-preview:large, max-video-preview:-1\" \/>\n<link rel=\"canonical\" href=\"https:\/\/ares-formation.com\/index.php\/membership-login\/password-reset\/\" \/>\n<meta property=\"og:locale\" content=\"fr_FR\" \/>\n<meta property=\"og:type\" content=\"article\" \/>\n<meta property=\"og:title\" content=\"R\u00e9initialisation du mot de passe - AR\u00c8S FORMATION\" \/>\n<meta property=\"og:url\" content=\"https:\/\/ares-formation.com\/index.php\/membership-login\/password-reset\/\" \/>\n<meta property=\"og:site_name\" content=\"AR\u00c8S FORMATION\" \/>\n<meta property=\"article:publisher\" content=\"https:\/\/www.facebook.com\/ARS-Formation-120328344395623\" \/>\n<meta property=\"article:modified_time\" content=\"2023-05-27T13:03:00+00:00\" \/>\n<meta name=\"twitter:card\" content=\"summary_large_image\" \/>\n<script type=\"application\/ld+json\" class=\"yoast-schema-graph\">{\"@context\":\"https:\\\/\\\/schema.org\",\"@graph\":[{\"@type\":\"WebPage\",\"@id\":\"https:\\\/\\\/ares-formation.com\\\/index.php\\\/membership-login\\\/password-reset\\\/\",\"url\":\"https:\\\/\\\/ares-formation.com\\\/index.php\\\/membership-login\\\/password-reset\\\/\",\"name\":\"R\u00e9initialisation du mot de passe - AR\u00c8S FORMATION\",\"isPartOf\":{\"@id\":\"https:\\\/\\\/ares-formation.com\\\/#website\"},\"datePublished\":\"2022-07-10T09:34:42+00:00\",\"dateModified\":\"2023-05-27T13:03:00+00:00\",\"breadcrumb\":{\"@id\":\"https:\\\/\\\/ares-formation.com\\\/index.php\\\/membership-login\\\/password-reset\\\/#breadcrumb\"},\"inLanguage\":\"fr-FR\",\"potentialAction\":[{\"@type\":\"ReadAction\",\"target\":[\"https:\\\/\\\/ares-formation.com\\\/index.php\\\/membership-login\\\/password-reset\\\/\"]}]},{\"@type\":\"BreadcrumbList\",\"@id\":\"https:\\\/\\\/ares-formation.com\\\/index.php\\\/membership-login\\\/password-reset\\\/#breadcrumb\",\"itemListElement\":[{\"@type\":\"ListItem\",\"position\":1,\"name\":\"Accueil\",\"item\":\"https:\\\/\\\/ares-formation.com\\\/\"},{\"@type\":\"ListItem\",\"position\":2,\"name\":\"Mon espace\",\"item\":\"https:\\\/\\\/ares-formation.com\\\/index.php\\\/membership-login\\\/\"},{\"@type\":\"ListItem\",\"position\":3,\"name\":\"R\u00e9initialisation du mot de passe\"}]},{\"@type\":\"WebSite\",\"@id\":\"https:\\\/\\\/ares-formation.com\\\/#website\",\"url\":\"https:\\\/\\\/ares-formation.com\\\/\",\"name\":\"AR\u00c8S FORMATION\",\"description\":\"Plateforme de coaching DEC 100% en ligne.\",\"publisher\":{\"@id\":\"https:\\\/\\\/ares-formation.com\\\/#organization\"},\"potentialAction\":[{\"@type\":\"SearchAction\",\"target\":{\"@type\":\"EntryPoint\",\"urlTemplate\":\"https:\\\/\\\/ares-formation.com\\\/?s={search_term_string}\"},\"query-input\":{\"@type\":\"PropertyValueSpecification\",\"valueRequired\":true,\"valueName\":\"search_term_string\"}}],\"inLanguage\":\"fr-FR\"},{\"@type\":\"Organization\",\"@id\":\"https:\\\/\\\/ares-formation.com\\\/#organization\",\"name\":\"AR\u00c8S FORMATION\",\"url\":\"https:\\\/\\\/ares-formation.com\\\/\",\"logo\":{\"@type\":\"ImageObject\",\"inLanguage\":\"fr-FR\",\"@id\":\"https:\\\/\\\/ares-formation.com\\\/#\\\/schema\\\/logo\\\/image\\\/\",\"url\":\"https:\\\/\\\/i0.wp.com\\\/ares-formation.com\\\/wp-content\\\/uploads\\\/2022\\\/07\\\/cropped-Logo-cheval-uniquement-1.png?fit=500%2C500&ssl=1\",\"contentUrl\":\"https:\\\/\\\/i0.wp.com\\\/ares-formation.com\\\/wp-content\\\/uploads\\\/2022\\\/07\\\/cropped-Logo-cheval-uniquement-1.png?fit=500%2C500&ssl=1\",\"width\":500,\"height\":500,\"caption\":\"AR\u00c8S FORMATION\"},\"image\":{\"@id\":\"https:\\\/\\\/ares-formation.com\\\/#\\\/schema\\\/logo\\\/image\\\/\"},\"sameAs\":[\"https:\\\/\\\/www.facebook.com\\\/ARS-Formation-120328344395623\"]}]}<\/script>\n<!-- \/ Yoast SEO plugin. -->","yoast_head_json":{"title":"R\u00e9initialisation du mot de passe - AR\u00c8S FORMATION","robots":{"index":"index","follow":"follow","max-snippet":"max-snippet:-1","max-image-preview":"max-image-preview:large","max-video-preview":"max-video-preview:-1"},"canonical":"https:\/\/ares-formation.com\/index.php\/membership-login\/password-reset\/","og_locale":"fr_FR","og_type":"article","og_title":"R\u00e9initialisation du mot de passe - AR\u00c8S FORMATION","og_url":"https:\/\/ares-formation.com\/index.php\/membership-login\/password-reset\/","og_site_name":"AR\u00c8S FORMATION","article_publisher":"https:\/\/www.facebook.com\/ARS-Formation-120328344395623","article_modified_time":"2023-05-27T13:03:00+00:00","twitter_card":"summary_large_image","schema":{"@context":"https:\/\/schema.org","@graph":[{"@type":"WebPage","@id":"https:\/\/ares-formation.com\/index.php\/membership-login\/password-reset\/","url":"https:\/\/ares-formation.com\/index.php\/membership-login\/password-reset\/","name":"R\u00e9initialisation du mot de passe - AR\u00c8S FORMATION","isPartOf":{"@id":"https:\/\/ares-formation.com\/#website"},"datePublished":"2022-07-10T09:34:42+00:00","dateModified":"2023-05-27T13:03:00+00:00","breadcrumb":{"@id":"https:\/\/ares-formation.com\/index.php\/membership-login\/password-reset\/#breadcrumb"},"inLanguage":"fr-FR","potentialAction":[{"@type":"ReadAction","target":["https:\/\/ares-formation.com\/index.php\/membership-login\/password-reset\/"]}]},{"@type":"BreadcrumbList","@id":"https:\/\/ares-formation.com\/index.php\/membership-login\/password-reset\/#breadcrumb","itemListElement":[{"@type":"ListItem","position":1,"name":"Accueil","item":"https:\/\/ares-formation.com\/"},{"@type":"ListItem","position":2,"name":"Mon espace","item":"https:\/\/ares-formation.com\/index.php\/membership-login\/"},{"@type":"ListItem","position":3,"name":"R\u00e9initialisation du mot de passe"}]},{"@type":"WebSite","@id":"https:\/\/ares-formation.com\/#website","url":"https:\/\/ares-formation.com\/","name":"AR\u00c8S FORMATION","description":"Plateforme de coaching DEC 100% en ligne.","publisher":{"@id":"https:\/\/ares-formation.com\/#organization"},"potentialAction":[{"@type":"SearchAction","target":{"@type":"EntryPoint","urlTemplate":"https:\/\/ares-formation.com\/?s={search_term_string}"},"query-input":{"@type":"PropertyValueSpecification","valueRequired":true,"valueName":"search_term_string"}}],"inLanguage":"fr-FR"},{"@type":"Organization","@id":"https:\/\/ares-formation.com\/#organization","name":"AR\u00c8S FORMATION","url":"https:\/\/ares-formation.com\/","logo":{"@type":"ImageObject","inLanguage":"fr-FR","@id":"https:\/\/ares-formation.com\/#\/schema\/logo\/image\/","url":"https:\/\/i0.wp.com\/ares-formation.com\/wp-content\/uploads\/2022\/07\/cropped-Logo-cheval-uniquement-1.png?fit=500%2C500&ssl=1","contentUrl":"https:\/\/i0.wp.com\/ares-formation.com\/wp-content\/uploads\/2022\/07\/cropped-Logo-cheval-uniquement-1.png?fit=500%2C500&ssl=1","width":500,"height":500,"caption":"AR\u00c8S FORMATION"},"image":{"@id":"https:\/\/ares-formation.com\/#\/schema\/logo\/image\/"},"sameAs":["https:\/\/www.facebook.com\/ARS-Formation-120328344395623"]}]}},"jetpack-related-posts":[{"id":2977,"url":"https:\/\/ares-formation.com\/index.php\/seances-individuelles\/","url_meta":{"origin":9,"position":0},"title":"Coaching individuel \/ Calendly","author":"admin9160","date":"15 mai 2023","format":false,"excerpt":"Coaching individuel Depuis le 1er janvier 2024 les cr\u00e9neaux de coaching individuels sont r\u00e9serv\u00e9s aux abonn\u00e9s de la plateforme. Tu peux r\u00e9server une ou plusieurs s\u00e9ances de coaching individuel d'une dur\u00e9e d'1h \/1h30. Cette s\u00e9ance te permettra d'\u00e9changer avec moi sur plusieurs points pr\u00e9cis comme : la validation de ton\u2026","rel":"","context":"Article similaire","block_context":{"text":"Article similaire","link":""},"img":{"alt_text":"","src":"","width":0,"height":0},"classes":[]},{"id":2901,"url":"https:\/\/ares-formation.com\/index.php\/conditions-generales-de-ventes\/","url_meta":{"origin":9,"position":1},"title":"Conditions G\u00e9n\u00e9rales de Ventes et Certificat QUALIOPI","author":"admin9160","date":"11 mai 2023","format":false,"excerpt":"Certificat QUALIOPI valide jusqu'au 08\/12\/2023 Certificat QUALIOPI valide jusqu'au 07\/12\/2026 ARTICLE 1 - PRESENTATION D\u2019AR\u00c8S FORMATION\u00a0 1.1 La soci\u00e9t\u00e9 AR\u00c8S CONSEIL, Soci\u00e9t\u00e9 par Actions Simplifi\u00e9e au capital de 1 000 \u20ac, ayant son si\u00e8ge social au 244 Route de Seysses \u00e0 TOULOUSE (31100), immatricul\u00e9e aupr\u00e8s du RCS de TOULOUSE sous\u2026","rel":"","context":"Article similaire","block_context":{"text":"Article similaire","link":""},"img":{"alt_text":"","src":"","width":0,"height":0},"classes":[]},{"id":42,"url":"https:\/\/ares-formation.com\/index.php\/redaction-du-memoire\/","url_meta":{"origin":9,"position":2},"title":"R\u00e9daction du m\u00e9moire","author":"admin9160","date":"13 juillet 2022","format":false,"excerpt":"Articles et autres ressources Nouvelle note du jury 08-07-2025 (\u00e0 lire !!) Les conseils du pr\u00e9sident du jury du DEC et de la secr\u00e9taire p\u00e9dagogique (\u00e0 lire !!) La r\u00e8gle des 1\/60, ou comment une petite erreur peut te mener droit \u00e0 l\u2019\u00e9chec Bien commencer l'ann\u00e9e pour valider le DEC\u2026","rel":"","context":"Article similaire","block_context":{"text":"Article similaire","link":""},"img":{"alt_text":"","src":"","width":0,"height":0},"classes":[]},{"id":3,"url":"https:\/\/ares-formation.com\/index.php\/politique-de-confidentialite\/","url_meta":{"origin":9,"position":3},"title":"Politique de confidentialit\u00e9","author":"admin9160","date":"5 juillet 2022","format":false,"excerpt":"Version mise en ligne le 30-06-2023ARTICLE 1 - PRESENTATION \u2013 OPPOSABILITE\u00a0 1.1 AR\u00c8S FORMATION accorde une importance particuli\u00e8re \u00e0 la protection de vos Donn\u00e9es personnelles et au respect de votre vie priv\u00e9e. La pr\u00e9sente Politique de confidentialit\u00e9 a pour objectif de Vous informer de nos pratiques concernant la collecte, le\u2026","rel":"","context":"Article similaire","block_context":{"text":"Article similaire","link":""},"img":{"alt_text":"","src":"","width":0,"height":0},"classes":[]}],"jetpack_sharing_enabled":true,"_links":{"self":[{"href":"https:\/\/ares-formation.com\/index.php\/wp-json\/wp\/v2\/pages\/9","targetHints":{"allow":["GET"]}}],"collection":[{"href":"https:\/\/ares-formation.com\/index.php\/wp-json\/wp\/v2\/pages"}],"about":[{"href":"https:\/\/ares-formation.com\/index.php\/wp-json\/wp\/v2\/types\/page"}],"author":[{"embeddable":true,"href":"https:\/\/ares-formation.com\/index.php\/wp-json\/wp\/v2\/users\/1"}],"replies":[{"embeddable":true,"href":"https:\/\/ares-formation.com\/index.php\/wp-json\/wp\/v2\/comments?post=9"}],"version-history":[{"count":1,"href":"https:\/\/ares-formation.com\/index.php\/wp-json\/wp\/v2\/pages\/9\/revisions"}],"predecessor-version":[{"id":1775,"href":"https:\/\/ares-formation.com\/index.php\/wp-json\/wp\/v2\/pages\/9\/revisions\/1775"}],"up":[{"embeddable":true,"href":"https:\/\/ares-formation.com\/index.php\/wp-json\/wp\/v2\/pages\/7"}],"wp:attachment":[{"href":"https:\/\/ares-formation.com\/index.php\/wp-json\/wp\/v2\/media?parent=9"}],"curies":[{"name":"wp","href":"https:\/\/api.w.org\/{rel}","templated":true}]}}